{"id":4029,"date":"2025-10-09T23:29:02","date_gmt":"2025-10-09T21:29:02","guid":{"rendered":"https:\/\/cagasibirska.sk\/produkt\/sibirska-caga-s-cbd-20-gratis\/"},"modified":"2025-11-26T15:57:23","modified_gmt":"2025-11-26T14:57:23","slug":"sibirska-caga-s-cbd-20-gratis","status":"publish","type":"product","link":"https:\/\/cagasibirska.sk\/cs\/produkt\/sibirska-caga-s-cbd-20-gratis\/","title":{"rendered":"Sibi\u0159sk\u00e1 \u010daga s CBD &#8211; 20% GRATIS"},"content":{"rendered":"<h1 data-start=\"217\" data-end=\"267\"><span style=\"color: #000000\">100% extrakt ze sibi\u0159sk\u00e9 \u010dagy v kapsl\u00edch + CBD<\/span><\/h1>\n<p data-start=\"268\" data-end=\"347\"><span style=\"color: #000000\"><strong data-start=\"268\" data-end=\"347\">P\u0159\u00edrodn\u00ed synergie pro imunitu, odolnost v\u016f\u010di stresu a lep\u0161\u00ed odpo\u010dinek<\/strong><\/span><\/p>\n<p data-start=\"349\" data-end=\"638\"><span style=\"color: #000000\"><strong data-start=\"349\" data-end=\"377\">\u010caga (Inonotus obliquus)<\/strong> je d\u0159evokazn\u00e1 houba rostouc\u00ed p\u0159edev\u0161\u00edm na b\u0159\u00edz\u00e1ch v chladn\u00fdch oblastech. V tradi\u010dn\u00ed fytoterapii je zn\u00e1m\u00e1 jako &#8222;houba nesmrtelnosti&#8220;. Modern\u00ed zpracov\u00e1n\u00ed umo\u017e\u0148uje z\u00edskat <strong data-start=\"541\" data-end=\"572\">vysoce koncentrovan\u00fd extrakt,<\/strong> v n\u011bm\u017e jsou \u00fa\u010dinn\u00e9 l\u00e1tky ve form\u011b, kterou t\u011blo dok\u00e1\u017ee l\u00e9pe vyu\u017e\u00edt.  <\/span><\/p>\n<h2 data-start=\"640\" data-end=\"687\"><span style=\"color: #000000\">Co kapsle obsahuj\u00ed (a pro\u010d je to d\u016fle\u017eit\u00e9)<\/span><\/h2>\n<ul data-start=\"688\" data-end=\"1681\">\n<li data-start=\"688\" data-end=\"891\">\n<p data-start=\"690\" data-end=\"891\"><span style=\"color: #000000\"><strong data-start=\"690\" data-end=\"719\">Polysacharidy a \u03b2-glukany<\/strong> &#8211; komplexn\u00ed cukry, kter\u00e9 <strong data-start=\"745\" data-end=\"788\">podporuj\u00ed p\u0159irozen\u00e9 obrann\u00e9 mechanismy<\/strong>.<\/span><br data-start=\"789\" data-end=\"792\"><span style=\"color: #000000\"><em data-start=\"794\" data-end=\"803\">Laicky \u0159e\u010deno:<\/em> pom\u00e1haj\u00ed &#8222;vyladit&#8220; imunitn\u00ed syst\u00e9m tak, aby reagoval p\u0159im\u011b\u0159en\u011b &#8211; ani p\u0159\u00edli\u0161 mnoho, ani p\u0159\u00edli\u0161 m\u00e1lo.<\/span><\/p>\n<\/li>\n<li data-start=\"892\" data-end=\"1156\">\n<p data-start=\"894\" data-end=\"1156\"><span style=\"color: #000000\"><strong data-start=\"894\" data-end=\"956\">Triterpeny (nap\u0159. betulin, kyselina betulinov\u00e1, inotodiol<\/strong> ) &#8211; sekund\u00e1rn\u00ed metabolity s <strong data-start=\"983\" data-end=\"1015\">antioxida\u010dn\u00edmi a ochrann\u00fdmi<\/strong> vlastnostmi.<\/span><br data-start=\"1029\" data-end=\"1032\"><span style=\"color: #000000\"><em data-start=\"1034\" data-end=\"1043\">Laicky \u0159e\u010deno:<\/em> p\u016fsob\u00ed jako &#8222;\u0161t\u00edt&#8220; proti nadm\u011brn\u00e9mu oxida\u010dn\u00edmu stresu, ke kter\u00e9mu doch\u00e1z\u00ed p\u0159i nemoci, stresu nebo intenzivn\u00edm cvi\u010den\u00ed.<\/span><\/p>\n<\/li>\n<li data-start=\"1157\" data-end=\"1251\">\n<p data-start=\"1159\" data-end=\"1251\"><span style=\"color: #000000\"><strong data-start=\"1159\" data-end=\"1183\">Polyfenoly a melanin<\/strong> &#8211; p\u0159\u00edrodn\u00ed <strong data-start=\"1197\" data-end=\"1213\">antioxidanty<\/strong> p\u0159isp\u00edvaj\u00edc\u00ed k <strong data-start=\"1230\" data-end=\"1248\">ochran\u011b bun\u011bk<\/strong>.<\/span><\/p>\n<\/li>\n<li data-start=\"1252\" data-end=\"1387\">\n<p data-start=\"1254\" data-end=\"1387\"><span style=\"color: #000000\"><strong data-start=\"1254\" data-end=\"1301\">Stopov\u00e9 miner\u00e1ly (nap\u0159. mangan, zinek, m\u011b\u010f<\/strong> ) &#8211; <strong data-start=\"1304\" data-end=\"1326\">kofaktory enzym\u016f, kter\u00e9<\/strong> se pod\u00edlej\u00ed na imunit\u011b a energetick\u00e9m metabolismu.<\/span><\/p>\n<\/li>\n<li data-start=\"1388\" data-end=\"1681\">\n<p data-start=\"1390\" data-end=\"1681\"><span style=\"color: #000000\"><strong data-start=\"1390\" data-end=\"1410\">CBD (kanabidiol<\/strong> ) &#8211; <strong data-start=\"1413\" data-end=\"1446\">nepsychoaktivn\u00ed slo\u017eka konop\u00ed<\/strong>, kter\u00e1 <strong data-start=\"1454\" data-end=\"1490\">moduluje endokanabinoidn\u00ed syst\u00e9m<\/strong> (vnit\u0159n\u00ed regula\u010dn\u00ed s\u00ed\u0165 zodpov\u011bdn\u00e1 za rovnov\u00e1hu &#8211; <em data-start=\"1542\" data-end=\"1554\">homeost\u00e1zu<\/em>).<\/span><br data-start=\"1556\" data-end=\"1559\"><span style=\"color: #000000\"><em data-start=\"1561\" data-end=\"1570\">Laicky \u0159e\u010deno<\/em>, CBD pom\u00e1h\u00e1 t\u011blu l\u00e9pe zvl\u00e1dat stres, relaxovat a p\u0159ipravit p\u016fdu pro kvalitn\u011bj\u0161\u00ed sp\u00e1nek &#8211; bez &#8222;zdrogov\u00e1n\u00ed&#8220;.<\/span><\/p>\n<\/li>\n<\/ul>\n<h2 data-start=\"1885\" data-end=\"1928\"><span style=\"color: #000000\">Hlavn\u00ed v\u00fdhody  <\/span><\/h2>\n<ul data-start=\"1929\" data-end=\"2736\">\n<li data-start=\"1929\" data-end=\"2156\">\n<p data-start=\"1931\" data-end=\"2156\"><span style=\"color: #000000\"><strong data-start=\"1931\" data-end=\"1961\">Podpora imunitn\u00edho syst\u00e9mu<\/strong><\/span><br data-start=\"1961\" data-end=\"1964\"><span style=\"color: #000000\">Extrakt z \u010dagy s \u03b2-glukany <strong data-start=\"1994\" data-end=\"2035\">podporuje p\u0159irozenou imunitn\u00ed odpov\u011b\u010f<\/strong>.<\/span><br data-start=\"2036\" data-end=\"2039\"><span style=\"color: #000000\"><em data-start=\"2041\" data-end=\"2051\">P\u0159\u00edklad:<\/em> v &#8222;obdob\u00ed smrk\u00e1n\u00ed&#8220; nebo p\u0159i podzimn\u00edm n\u00e1stupu do \u0161koly m\u016f\u017ee pomoci udr\u017eet <strong data-start=\"2127\" data-end=\"2155\">norm\u00e1ln\u00ed imunitu<\/strong>.<\/span><\/p>\n<\/li>\n<li data-start=\"2157\" data-end=\"2360\">\n<p data-start=\"2159\" data-end=\"2360\"><span style=\"color: #000000\"><strong data-start=\"2159\" data-end=\"2191\">Odolnost v\u016f\u010di stresu a \u00fanav\u011b<\/strong><\/span><br data-start=\"2191\" data-end=\"2194\"><span style=\"color: #000000\">Antioxidanty z \u010dagy p\u0159isp\u00edvaj\u00ed k <strong data-start=\"2230\" data-end=\"2248\">ochran\u011b bun\u011bk<\/strong> p\u0159i zv\u00fd\u0161en\u00e9 z\u00e1t\u011b\u017ei (fyzick\u00e9 i psychick\u00e9).<\/span><br data-start=\"2294\" data-end=\"2297\"><span style=\"color: #000000\"><em data-start=\"2299\" data-end=\"2309\">P\u0159\u00edklad:<\/em> dlouh\u00e9 dny v pr\u00e1ci, zkou\u0161ky, vy\u010derp\u00e1n\u00ed po nemoci.<\/span><\/p>\n<\/li>\n<li data-start=\"2361\" data-end=\"2567\">\n<p data-start=\"2363\" data-end=\"2567\"><span style=\"color: #000000\"><strong data-start=\"2363\" data-end=\"2406\">Pohoda nervov\u00e9ho syst\u00e9mu a lep\u0161\u00ed sp\u00e1nek<\/strong><\/span><br data-start=\"2406\" data-end=\"2409\"><span style=\"color: #000000\">CBD pom\u00e1h\u00e1 <strong data-start=\"2422\" data-end=\"2462\">zklidnit &#8222;p\u0159et\u00ed\u017een\u00fd&#8220; nervov\u00fd syst\u00e9m<\/strong> a <strong data-start=\"2465\" data-end=\"2489\">podporuje us\u00edn\u00e1n\u00ed<\/strong>.<\/span><br data-start=\"2490\" data-end=\"2493\"><span style=\"color: #000000\"><em data-start=\"2495\" data-end=\"2505\">P\u0159\u00edklad:<\/em> pot\u00ed\u017ee s us\u00edn\u00e1n\u00edm, &#8222;to\u010den\u00ed&#8220; my\u0161lenek, no\u010dn\u00ed buzen\u00ed.<\/span><\/p>\n<\/li>\n<li data-start=\"2568\" data-end=\"2736\">\n<p data-start=\"2570\" data-end=\"2736\"><span style=\"color: #000000\"><strong data-start=\"2570\" data-end=\"2610\">Tr\u00e1vic\u00ed komfort a celkov\u00e1 rovnov\u00e1ha<\/strong><\/span><br data-start=\"2610\" data-end=\"2613\"><span style=\"color: #000000\">\u010caga se tradi\u010dn\u011b u\u017e\u00edv\u00e1 tak\u00e9 pro <strong data-start=\"2648\" data-end=\"2676\">tr\u00e1vic\u00ed komfort<\/strong> a celkovou <strong data-start=\"2687\" data-end=\"2701\">homeost\u00e1zu<\/strong> (rovnov\u00e1hu vnit\u0159n\u00edho prost\u0159ed\u00ed).<\/span><\/p>\n<\/li>\n<\/ul>\n<blockquote data-start=\"2738\" data-end=\"2862\">\n<p data-start=\"2740\" data-end=\"2862\"><span style=\"color: #000000\"><strong data-start=\"2740\" data-end=\"2762\">D\u016fle\u017eit\u00e9 upozorn\u011bn\u00ed<\/strong>: Jedn\u00e1 se o <strong data-start=\"2769\" data-end=\"2787\">dopln\u011bk stravy<\/strong>, nikoli o l\u00e9k. Nenahrazujte pestrou stravu a p\u0159edepsanou l\u00e9\u010dbu.<\/span><\/p>\n<\/blockquote>\n<h2 data-start=\"2864\" data-end=\"2907\"><span style=\"color: #000000\">Kdy po n\u011bm s\u00e1hnout &#8211; konkr\u00e9tn\u00ed situace<\/span><\/h2>\n<ul data-start=\"2908\" data-end=\"3304\">\n<li data-start=\"2908\" data-end=\"2993\">\n<p data-start=\"2910\" data-end=\"2993\"><span style=\"color: #000000\"><strong data-start=\"2910\" data-end=\"2953\">Za\u010d\u00e1tek \u0161koln\u00edho roku \/ podzim a zima:<\/strong> zv\u00fd\u0161en\u00e1 z\u00e1t\u011b\u017e na imunitu v kolektivu.<\/span><\/p>\n<\/li>\n<li data-start=\"2994\" data-end=\"3079\">\n<p data-start=\"2996\" data-end=\"3079\"><span style=\"color: #000000\"><strong data-start=\"2996\" data-end=\"3040\">Ru\u0161n\u00e9 pracovn\u00ed nebo sportovn\u00ed obdob\u00ed:<\/strong> hodn\u011b tr\u00e9nink\u016f, p\u0159es\u010das\u016f, cestov\u00e1n\u00ed.<\/span><\/p>\n<\/li>\n<li data-start=\"3080\" data-end=\"3146\">\n<p data-start=\"3082\" data-end=\"3146\"><span style=\"color: #000000\"><strong data-start=\"3082\" data-end=\"3097\">Po nemoci:<\/strong> n\u00e1vrat k norm\u00e1ln\u00edmu rytmu a podpora zotaven\u00ed.<\/span><\/p>\n<\/li>\n<li data-start=\"3147\" data-end=\"3225\">\n<p data-start=\"3149\" data-end=\"3225\"><span style=\"color: #000000\"><strong data-start=\"3149\" data-end=\"3172\">Stres a &#8222;p\u0159ep\u011bt\u00ed<\/strong> &#8222;: dlouhodob\u00e9 nap\u011bt\u00ed, podr\u00e1\u017ed\u011bnost, pot\u00ed\u017ee s us\u00edn\u00e1n\u00edm.<\/span><\/p>\n<\/li>\n<li data-start=\"3226\" data-end=\"3304\">\n<p data-start=\"3228\" data-end=\"3304\"><span style=\"color: #000000\"><strong data-start=\"3228\" data-end=\"3255\">N\u00e1ro\u010dn\u00e1 du\u0161evn\u00ed pr\u00e1ce:<\/strong> soust\u0159ed\u011bn\u00ed, dlouh\u00e9 soust\u0159ed\u011bn\u00ed, spousta informac\u00ed.<\/span><\/p>\n<\/li>\n<\/ul>\n","protected":false},"excerpt":{"rendered":"<p><span style=\"color: #000000\"><strong data-start=\"5128\" data-end=\"5158\">Koncentrovan\u00fd extrakt z \u010dagy<\/strong> dod\u00e1 t\u011blu antioxida\u010dn\u00ed a imunitn\u00ed podporu, zat\u00edmco <strong data-start=\"5212\" data-end=\"5219\">CBD<\/strong> pom\u016f\u017ee l\u00e9pe zvl\u00e1dat stres a nalad\u00ed t\u011blo na <strong data-start=\"5271\" data-end=\"5304\">regeneraci a kvalitn\u00ed sp\u00e1nek<\/strong> &#8211; spole\u010dn\u011b tvo\u0159\u00ed p\u0159\u00edrodn\u00ed dopln\u011bk pro obdob\u00ed zv\u00fd\u0161en\u00e9ho stresu.<br \/>\n<\/span><\/p>\n<hr>\n<p><span style=\"color: #000000\"> <\/span><\/p>\n","protected":false},"featured_media":3668,"comment_status":"closed","ping_status":"closed","template":"","meta":[],"product_brand":[],"product_cat":[31],"product_tag":[40],"class_list":{"0":"post-4029","1":"product","2":"type-product","3":"status-publish","4":"has-post-thumbnail","6":"product_cat-uncategorized-cs","7":"product_tag-black-friday-cs","9":"first","10":"instock","11":"sale","12":"taxable","13":"shipping-taxable","14":"purchasable","15":"product-type-simple"},"_links":{"self":[{"href":"https:\/\/cagasibirska.sk\/cs\/wp-json\/wp\/v2\/product\/4029","targetHints":{"allow":["GET"]}}],"collection":[{"href":"https:\/\/cagasibirska.sk\/cs\/wp-json\/wp\/v2\/product"}],"about":[{"href":"https:\/\/cagasibirska.sk\/cs\/wp-json\/wp\/v2\/types\/product"}],"replies":[{"embeddable":true,"href":"https:\/\/cagasibirska.sk\/cs\/wp-json\/wp\/v2\/comments?post=4029"}],"version-history":[{"count":4,"href":"https:\/\/cagasibirska.sk\/cs\/wp-json\/wp\/v2\/product\/4029\/revisions"}],"predecessor-version":[{"id":4506,"href":"https:\/\/cagasibirska.sk\/cs\/wp-json\/wp\/v2\/product\/4029\/revisions\/4506"}],"wp:featuredmedia":[{"embeddable":true,"href":"https:\/\/cagasibirska.sk\/cs\/wp-json\/wp\/v2\/media\/3668"}],"wp:attachment":[{"href":"https:\/\/cagasibirska.sk\/cs\/wp-json\/wp\/v2\/media?parent=4029"}],"wp:term":[{"taxonomy":"product_brand","embeddable":true,"href":"https:\/\/cagasibirska.sk\/cs\/wp-json\/wp\/v2\/product_brand?post=4029"},{"taxonomy":"product_cat","embeddable":true,"href":"https:\/\/cagasibirska.sk\/cs\/wp-json\/wp\/v2\/product_cat?post=4029"},{"taxonomy":"product_tag","embeddable":true,"href":"https:\/\/cagasibirska.sk\/cs\/wp-json\/wp\/v2\/product_tag?post=4029"}],"curies":[{"name":"wp","href":"https:\/\/api.w.org\/{rel}","templated":true}]}}