{"id":1912,"date":"2025-01-29T12:52:18","date_gmt":"2025-01-29T11:52:18","guid":{"rendered":"https:\/\/cagasibirska.sk\/produkt\/chaga-sibirska-50-ml-chaga-sibirska-zelatinove-kapsle-500-ks\/"},"modified":"2025-11-20T23:55:19","modified_gmt":"2025-11-20T22:55:19","slug":"chaga-sibirska-50-ml-chaga-sibirska-zelatinove-kapsle-500-ks","status":"publish","type":"product","link":"https:\/\/cagasibirska.sk\/cs\/produkt\/chaga-sibirska-50-ml-chaga-sibirska-zelatinove-kapsle-500-ks\/","title":{"rendered":"Chaga sibi\u0159sk\u00e1 &#8211; 50 ml + Chaga sibi\u0159sk\u00e1 \u017eelatinov\u00e9 kapsle &#8211; 500 ks"},"content":{"rendered":"<p><span style=\"color: #000000\"><strong>Sibi\u0159sk\u00e1 \u010daga &#8211; 50 ml  <\/strong><\/span><\/p>\n<p><span style=\"color: #000000\">100% extrakt sibi\u0159sk\u00e9 \u010dagy ve slune\u010dnicov\u00e9m oleji je p\u0159\u00edrodn\u00ed extrakt, kter\u00fd obsahuje v\u00edce ne\u017e 200 aktivn\u00edch biologick\u00fdch l\u00e1tek, je\u017e maj\u00ed \u0161irokou \u0161k\u00e1lu zdravotn\u00edch \u00fa\u010dink\u016f. Tento extrakt se z\u00edsk\u00e1v\u00e1 z \u010dagy, kter\u00e1 roste v drsn\u00fdch podm\u00ednk\u00e1ch seversk\u00fdch les\u016f a je zn\u00e1m\u00e1 sv\u00fdmi v\u00fdznamn\u00fdmi l\u00e9\u010debn\u00fdmi \u00fa\u010dinky. <\/span><\/p>\n<p><span style=\"color: #000000\">Podpora imunity &#8211; sibi\u0159sk\u00e1 \u010daga je bohat\u00e1 na beta-glukany, polysacharidy a dal\u0161\u00ed slo\u017eky podporuj\u00edc\u00ed imunitu, kter\u00e9 stimuluj\u00ed \u010dinnost imunitn\u00edho syst\u00e9mu a zvy\u0161uj\u00ed jeho schopnost bojovat s r\u016fzn\u00fdmi patogeny. Pravideln\u00e1 konzumace extraktu m\u016f\u017ee pomoci t\u011blu l\u00e9pe se br\u00e1nit infekc\u00edm a podpo\u0159it celkovou obranyschopnost organismu. <\/span><\/p>\n<p><span style=\"color: #000000\">Tr\u00e1vic\u00ed syst\u00e9m &#8211; tento extrakt p\u0159isp\u00edv\u00e1 ke zdrav\u00e9 funkci tr\u00e1vic\u00edho syst\u00e9mu. M\u016f\u017ee pomoci zm\u00edrnit za\u017e\u00edvac\u00ed pot\u00ed\u017ee, podpo\u0159it zdravou st\u0159evn\u00ed mikrofl\u00f3ru a p\u0159isp\u011bt k lep\u0161\u00edmu vst\u0159eb\u00e1v\u00e1n\u00ed \u017eivin. Je zn\u00e1m\u00fd pro sv\u00e9 protiz\u00e1n\u011btliv\u00e9 a detoxika\u010dn\u00ed vlastnosti, kter\u00e9 pom\u00e1haj\u00ed p\u0159i za\u017e\u00edvac\u00edch pot\u00ed\u017e\u00edch a podporuj\u00ed celkovou pohodu tr\u00e1vic\u00edho traktu.  <\/span><\/p>\n<p><span style=\"color: #000000\">Ko\u017en\u00ed onemocn\u011bn\u00ed &#8211; d\u00edky sv\u00fdm protiz\u00e1n\u011btliv\u00fdm a antioxida\u010dn\u00edm vlastnostem je \u010daga \u00fa\u010dinn\u00e1 p\u0159i l\u00e9\u010db\u011b r\u016fzn\u00fdch ko\u017en\u00edch onemocn\u011bn\u00ed, jako jsou ekz\u00e9my, lup\u00e9nka nebo akn\u00e9. Pom\u00e1h\u00e1 zm\u00edr\u0148ovat z\u00e1n\u011bty, sv\u011bd\u011bn\u00ed a podr\u00e1\u017ed\u011bn\u00ed k\u016f\u017ee a z\u00e1rove\u0148 podporuje regeneraci poko\u017eky a jej\u00ed zdrav\u00fd vzhled. <\/span><\/p>\n<p><span style=\"color: #000000\">Cukrovka a krevn\u00ed tlak &#8211; sibi\u0159sk\u00e1 \u010daga m\u016f\u017ee pomoci regulovat hladinu cukru v krvi, co\u017e je d\u016fle\u017eit\u00e9 zejm\u00e9na pro lidi s cukrovkou. Jej\u00ed slo\u017eky mohou p\u0159isp\u00edvat ke zlep\u0161en\u00ed metabolismu cukr\u016f a t\u00edm podporovat stabiln\u00ed hladinu gluk\u00f3zy v krvi. Krom\u011b toho m\u00e1 \u010daga pozitivn\u00ed vliv na regulaci krevn\u00edho tlaku, \u010d\u00edm\u017e pom\u00e1h\u00e1 p\u0159i hypertenzi a udr\u017euje kardiovaskul\u00e1rn\u00ed syst\u00e9m v optim\u00e1ln\u00edm stavu.  <\/span><\/p>\n<p><span style=\"color: #000000\">Prevence rakoviny &#8211; antioxidanty obsa\u017een\u00e9 v extraktu z \u010dagy mohou p\u016fsobit jako ochrana p\u0159ed oxidativn\u00edm stresem a po\u0161kozen\u00edm bun\u011bk, kter\u00e9 je \u010dasto spojov\u00e1no se vznikem rakoviny. Tyto slo\u017eky pom\u00e1haj\u00ed neutralizovat \u0161kodliv\u00e9 voln\u00e9 radik\u00e1ly a podporuj\u00ed celkovou ochranu organismu p\u0159ed mo\u017en\u00fdmi rakovinotvorn\u00fdmi procesy. <\/span><\/p>\n<p><img fetchpriority=\"high\" decoding=\"async\" class=\"wp-image-1214 aligncenter\" src=\"https:\/\/cagasibirska.sk\/wp-content\/uploads\/2025\/01\/ch-300x300.jpg\" alt=\"\" width=\"436\" height=\"436\" srcset=\"https:\/\/cagasibirska.sk\/wp-content\/uploads\/2025\/01\/ch-300x300.jpg 300w, https:\/\/cagasibirska.sk\/wp-content\/uploads\/2025\/01\/ch-1024x1024.jpg 1024w, https:\/\/cagasibirska.sk\/wp-content\/uploads\/2025\/01\/ch-150x150.jpg 150w, https:\/\/cagasibirska.sk\/wp-content\/uploads\/2025\/01\/ch-768x768.jpg 768w, https:\/\/cagasibirska.sk\/wp-content\/uploads\/2025\/01\/ch-600x600.jpg 600w, https:\/\/cagasibirska.sk\/wp-content\/uploads\/2025\/01\/ch.jpg 1080w\" sizes=\"(max-width: 436px) 100vw, 436px\" \/><\/p>\n<p><span style=\"color: #000000\">Tento p\u0159\u00edrodn\u00ed extrakt z \u010dagy sm\u00edchan\u00fd se slune\u010dnicov\u00fdm olejem je vhodn\u00fd ke ka\u017edodenn\u00edmu u\u017e\u00edv\u00e1n\u00ed jako dopln\u011bk stravy, kter\u00fd podporuje zdrav\u00ed a pohodu na mnoha \u00farovn\u00edch. Je d\u016fle\u017eit\u00e9 dodr\u017eovat doporu\u010den\u00e9 d\u00e1vkov\u00e1n\u00ed a konzultovat jeho u\u017e\u00edv\u00e1n\u00ed s odborn\u00edkem, zejm\u00e9na pokud m\u00e1te specifick\u00e9 zdravotn\u00ed probl\u00e9my nebo u\u017e\u00edv\u00e1te jin\u00e9 l\u00e9ky. <\/span><\/p>\n<p><span style=\"color: #000000\"><strong>\u010caga sibi\u0159sk\u00e1 \u017eelatinov\u00e9 kapsle &#8211; 500 ks<\/strong><\/span><\/p>\n<p><span style=\"color: #000000\">100% extrakt sibi\u0159sk\u00e9 \u010dagy v jemn\u00fdch \u017eelatinov\u00fdch kapsl\u00edch je p\u0159\u00edrodn\u00ed dopln\u011bk stravy s mimo\u0159\u00e1dn\u00fdmi zdravotn\u00edmi \u00fa\u010dinky. Sibi\u0159sk\u00e1 \u010daga, kter\u00e1 roste v extr\u00e9mn\u00edch podm\u00ednk\u00e1ch seversk\u00fdch les\u016f, obsahuje vysok\u00e9 mno\u017estv\u00ed bioaktivn\u00edch l\u00e1tek v\u010detn\u011b antioxidant\u016f, polysacharid\u016f, beta-glukan\u016f a sterol\u016f, kter\u00e9 jsou kl\u00ed\u010dov\u00e9 pro pos\u00edlen\u00ed imunitn\u00edho syst\u00e9mu. Tento extrakt pom\u00e1h\u00e1 t\u011blu bojovat s r\u016fzn\u00fdmi infek\u010dn\u00edmi onemocn\u011bn\u00edmi zp\u016fsoben\u00fdmi viry, bakteriemi, pl\u00edsn\u011bmi a parazity, \u010d\u00edm\u017e zvy\u0161uje p\u0159irozenou obranyschopnost organismu.  <\/span><\/p>\n<p><span style=\"color: #000000\">\u010caga tak\u00e9 p\u0159isp\u00edv\u00e1 k udr\u017een\u00ed optim\u00e1ln\u00ed hladiny cukru v krvi, co\u017e je d\u016fle\u017eit\u00e9 zejm\u00e9na pro osoby trp\u00edc\u00ed cukrovkou nebo pro osoby, kter\u00e9 pat\u0159\u00ed do rizikov\u00e9 skupiny. Z\u00e1rove\u0148 m\u00e1 pozitivn\u00ed vliv na regulaci krevn\u00edho tlaku, \u010d\u00edm\u017e pom\u00e1h\u00e1 p\u0159i hypertenzi nebo naopak n\u00edzk\u00e9m tlaku. D\u00edky sv\u00e9mu slo\u017een\u00ed podporuje zdrav\u00e9 tr\u00e1ven\u00ed, zm\u00edr\u0148uje za\u017e\u00edvac\u00ed pot\u00ed\u017ee a napom\u00e1h\u00e1 lep\u0161\u00edmu vst\u0159eb\u00e1v\u00e1n\u00ed \u017eivin z potravy.  <\/span><\/p>\n<p><img decoding=\"async\" class=\"wp-image-1215 aligncenter\" src=\"https:\/\/cagasibirska.sk\/wp-content\/uploads\/2025\/01\/cg-300x300.jpg\" alt=\"\" width=\"428\" height=\"428\" srcset=\"https:\/\/cagasibirska.sk\/wp-content\/uploads\/2025\/01\/cg-300x300.jpg 300w, https:\/\/cagasibirska.sk\/wp-content\/uploads\/2025\/01\/cg-1024x1024.jpg 1024w, https:\/\/cagasibirska.sk\/wp-content\/uploads\/2025\/01\/cg-150x150.jpg 150w, https:\/\/cagasibirska.sk\/wp-content\/uploads\/2025\/01\/cg-768x768.jpg 768w, https:\/\/cagasibirska.sk\/wp-content\/uploads\/2025\/01\/cg-600x600.jpg 600w, https:\/\/cagasibirska.sk\/wp-content\/uploads\/2025\/01\/cg.jpg 1080w\" sizes=\"(max-width: 428px) 100vw, 428px\" \/><\/p>\n<p><span style=\"color: #000000\">Tento dopln\u011bk stravy je ide\u00e1ln\u00ed volbou pro ty, kte\u0159\u00ed hledaj\u00ed zp\u016fsob, jak pos\u00edlit svou imunitu, udr\u017eet t\u011blo v rovnov\u00e1ze a chr\u00e1nit se p\u0159ed celou \u0159adou zdravotn\u00edch probl\u00e9m\u016f. Je vhodn\u00fd pro dlouhodob\u00e9 u\u017e\u00edv\u00e1n\u00ed jako prevence proti nemocem a m\u016f\u017ee slou\u017eit i jako podp\u016frn\u00e1 l\u00e9\u010dba ji\u017e existuj\u00edc\u00edch zdravotn\u00edch komplikac\u00ed. <\/span><\/p>\n","protected":false},"excerpt":{"rendered":"<p><span style=\"color: #000000\">Sada Chaga Siberian je nyn\u00ed k dispozici za v\u00fdhodnou cenu! Obsahuje Chagu sibi\u0159skou &#8211; 50 ml extraktu a Chagu sibi\u0159skou \u017eelatinov\u00e9 kapsle &#8211; 500 ks, kter\u00e9 po\u0159\u00edd\u00edte levn\u011bji, ne\u017e kdybyste je kupovali jednotliv\u011b. Tento bal\u00ed\u010dek poskytne va\u0161emu imunitn\u00edmu syst\u00e9mu dlouhodobou podporu a pom\u016f\u017ee p\u0159irozen\u011b chr\u00e1nit va\u0161e zdrav\u00ed.  <\/span><\/p>\n<hr>\n<h5><span style=\"color: #ff0000\"><strong>Doporu\u010dujeme: <span style=\"color: #000000\">zakoupen\u00edm tohoto produktu se automaticky zapoj\u00edte do sout\u011b\u017ee o poukaz v hodnot\u011b 300 \u20ac na produkty Chaga Siberian &#8211;<\/span><\/strong><\/span> <a href=\"https:\/\/cagasibirska.sk\/cs\/soutez-o-poukaz-v-hodnote-300-e-na-nakup-produktu-chaga\/\">V\u00edce o sout\u011b\u017ei<\/a><\/h5>\n","protected":false},"featured_media":1819,"comment_status":"open","ping_status":"closed","template":"","meta":[],"product_brand":[],"product_cat":[35,31],"product_tag":[],"class_list":{"0":"post-1912","1":"product","2":"type-product","3":"status-publish","4":"has-post-thumbnail","6":"product_cat-produkty-cs","7":"product_cat-uncategorized-cs","9":"first","10":"instock","11":"sale","12":"featured","13":"taxable","14":"shipping-taxable","15":"purchasable","16":"product-type-simple"},"_links":{"self":[{"href":"https:\/\/cagasibirska.sk\/cs\/wp-json\/wp\/v2\/product\/1912","targetHints":{"allow":["GET"]}}],"collection":[{"href":"https:\/\/cagasibirska.sk\/cs\/wp-json\/wp\/v2\/product"}],"about":[{"href":"https:\/\/cagasibirska.sk\/cs\/wp-json\/wp\/v2\/types\/product"}],"replies":[{"embeddable":true,"href":"https:\/\/cagasibirska.sk\/cs\/wp-json\/wp\/v2\/comments?post=1912"}],"version-history":[{"count":1,"href":"https:\/\/cagasibirska.sk\/cs\/wp-json\/wp\/v2\/product\/1912\/revisions"}],"predecessor-version":[{"id":4584,"href":"https:\/\/cagasibirska.sk\/cs\/wp-json\/wp\/v2\/product\/1912\/revisions\/4584"}],"wp:featuredmedia":[{"embeddable":true,"href":"https:\/\/cagasibirska.sk\/cs\/wp-json\/wp\/v2\/media\/1819"}],"wp:attachment":[{"href":"https:\/\/cagasibirska.sk\/cs\/wp-json\/wp\/v2\/media?parent=1912"}],"wp:term":[{"taxonomy":"product_brand","embeddable":true,"href":"https:\/\/cagasibirska.sk\/cs\/wp-json\/wp\/v2\/product_brand?post=1912"},{"taxonomy":"product_cat","embeddable":true,"href":"https:\/\/cagasibirska.sk\/cs\/wp-json\/wp\/v2\/product_cat?post=1912"},{"taxonomy":"product_tag","embeddable":true,"href":"https:\/\/cagasibirska.sk\/cs\/wp-json\/wp\/v2\/product_tag?post=1912"}],"curies":[{"name":"wp","href":"https:\/\/api.w.org\/{rel}","templated":true}]}}