{"id":1911,"date":"2025-01-29T14:20:07","date_gmt":"2025-01-29T13:20:07","guid":{"rendered":"https:\/\/cagasibirska.sk\/produkt\/chaga-cream-krem-50-ml-chaga-sibirske-zelatinove-kapsle-500-ks\/"},"modified":"2025-11-20T23:55:42","modified_gmt":"2025-11-20T22:55:42","slug":"chaga-cream-krem-50-ml-chaga-sibirske-zelatinove-kapsle-500-ks","status":"publish","type":"product","link":"https:\/\/cagasibirska.sk\/cs\/produkt\/chaga-cream-krem-50-ml-chaga-sibirske-zelatinove-kapsle-500-ks\/","title":{"rendered":"SET \u010caga sibi\u0159sk\u00e1 kr\u00e9m 50 ml + \u010caga sibi\u0159sk\u00e1 \u017eelatinov\u00e9 kapsle 500 ks"},"content":{"rendered":"<h2><span style=\"color: #000000\"><strong>Chaga CREAM &#8211; kr\u00e9m 50 ml  <\/strong><\/span><\/h2>\n<p><span style=\"color: #000000\"><strong><a href=\"https:\/\/cagasibirska.sk\/cs\/produkt\/chaga-cream-krem-50-ml\/\">Cream<\/a><\/strong> s extraktem ze sibi\u0159sk\u00e9 \u010dagy je \u00fa\u010dinn\u00fd p\u0159\u00edrodn\u00ed prost\u0159edek, speci\u00e1ln\u011b <strong>vyvinut\u00fd pro podporu zdrav\u00e9 poko\u017eky a \u0159e\u0161en\u00ed r\u016fzn\u00fdch ko\u017en\u00edch probl\u00e9m\u016f.<\/strong> D\u00edky v\u00fdjime\u010dn\u00e9mu obsahu bioaktivn\u00edch l\u00e1tek obsa\u017een\u00fdch v sibi\u0159sk\u00e9 \u010dag\u011b nab\u00edz\u00ed tento kr\u00e9m \u00falevu a podporu p\u0159i l\u00e9\u010db\u011b r\u016fzn\u00fdch ko\u017en\u00edch onemocn\u011bn\u00ed, jako jsou ekz\u00e9my, v\u010detn\u011b atopick\u00e9ho ekz\u00e9mu a erysipelu, a tak\u00e9 dal\u0161\u00edch probl\u00e9m\u016f, jako je <strong>akn\u00e9, lup\u00e9nka a seborea<\/strong>.<\/span><\/p>\n<p><img fetchpriority=\"high\" decoding=\"async\" class=\"alignnone wp-image-4039\" src=\"https:\/\/cagasibirska.sk\/wp-content\/uploads\/2025\/01\/krem-300x198.jpg\" alt=\"\" width=\"708\" height=\"467\" srcset=\"https:\/\/cagasibirska.sk\/wp-content\/uploads\/2025\/01\/krem-300x198.jpg 300w, https:\/\/cagasibirska.sk\/wp-content\/uploads\/2025\/01\/krem-1024x674.jpg 1024w, https:\/\/cagasibirska.sk\/wp-content\/uploads\/2025\/01\/krem-768x506.jpg 768w, https:\/\/cagasibirska.sk\/wp-content\/uploads\/2025\/01\/krem-1536x1012.jpg 1536w, https:\/\/cagasibirska.sk\/wp-content\/uploads\/2025\/01\/krem-2048x1349.jpg 2048w, https:\/\/cagasibirska.sk\/wp-content\/uploads\/2025\/01\/krem-600x395.jpg 600w, https:\/\/cagasibirska.sk\/wp-content\/uploads\/2025\/01\/krem-150x99.jpg 150w\" sizes=\"(max-width: 708px) 100vw, 708px\" \/><\/p>\n<p><span style=\"color: #000000\"><strong>Atopick\u00fd ekz\u00e9m a r\u016f\u017eovka<\/strong> &#8211; Tento kr\u00e9m pom\u00e1h\u00e1 zklidnit z\u00e1n\u011btliv\u00e9 procesy spojen\u00e9 s ekz\u00e9mem a r\u016f\u017eovkou. D\u00edky siln\u00fdm protiz\u00e1n\u011btliv\u00fdm vlastnostem \u010dagy p\u016fsob\u00ed p\u0159\u00edmo na posti\u017een\u00e1 m\u00edsta a zm\u00edr\u0148uje sv\u011bd\u011bn\u00ed, zarudnut\u00ed a podr\u00e1\u017ed\u011bn\u00ed poko\u017eky. Pravideln\u00e9 pou\u017e\u00edv\u00e1n\u00ed kr\u00e9mu m\u016f\u017ee p\u0159isp\u011bt k rychlej\u0161\u00edmu hojen\u00ed a obnov\u011b po\u0161kozen\u00e9 poko\u017eky, co\u017e pom\u00e1h\u00e1 zlep\u0161it jej\u00ed celkov\u00fd stav.  <\/span><\/p>\n<p><span style=\"color: #000000\"><strong>Akn\u00e9<\/strong> &#8211; V boji proti akn\u00e9 je \u010daga velmi \u00fa\u010dinn\u00e1, proto\u017ee pom\u00e1h\u00e1 regulovat tvorbu ko\u017en\u00edho mazu, kter\u00fd je jedn\u00edm z hlavn\u00edch faktor\u016f vzniku akn\u00e9. Antibakteri\u00e1ln\u00ed vlastnosti extraktu z \u010dagy p\u016fsob\u00ed proti bakteri\u00edm, kter\u00e9 p\u0159isp\u00edvaj\u00ed k z\u00e1n\u011bt\u016fm a vyr\u00e1\u017ek\u00e1m, a z\u00e1rove\u0148 podporuj\u00ed hojen\u00ed ji\u017e existuj\u00edc\u00edch vyr\u00e1\u017eek. Pravideln\u00e9 pou\u017e\u00edv\u00e1n\u00ed kr\u00e9mu m\u016f\u017ee zlep\u0161it strukturu pleti a omezit tvorbu nov\u00fdch lo\u017eisek akn\u00e9.  <\/span><\/p>\n<p><span style=\"color: #000000\"><strong>Lup\u00e9nka<\/strong> &#8211; Lup\u00e9nka je chronick\u00e9 onemocn\u011bn\u00ed, kter\u00e9 zp\u016fsobuje nadm\u011brnou tvorbu ko\u017en\u00edch bun\u011bk, co\u017e vede k such\u00fdm, \u0161upinat\u00fdm oblastem na k\u016f\u017ei. Kr\u00e9m s v\u00fdta\u017ekem ze sibi\u0159sk\u00e9 \u010dagy pom\u00e1h\u00e1 zm\u00edrnit z\u00e1n\u011bt a podporuje obnovu poko\u017eky, \u010d\u00edm\u017e sni\u017euje v\u00fdskyt lup\u00e9nkov\u00fdch lo\u017eisek. Rovn\u011b\u017e hydratuje suchou poko\u017eku a zlep\u0161uje jej\u00ed pru\u017enost, \u010d\u00edm\u017e sni\u017euje nep\u0159\u00edjemn\u00e9 pocity spojen\u00e9 s t\u00edmto onemocn\u011bn\u00edm.  <\/span><\/p>\n<p><span style=\"color: #000000\"><strong>Seborea<\/strong> &#8211; Seborea se vyzna\u010duje nadm\u011brnou tvorbou ko\u017en\u00edho mazu, co\u017e vede k mastn\u00e9 a podr\u00e1\u017ed\u011bn\u00e9 poko\u017ece. \u010caga kr\u00e9m m\u00e1 vyrovn\u00e1vac\u00ed \u00fa\u010dinek, kter\u00fd pom\u00e1h\u00e1 regulovat produkci ko\u017en\u00edho mazu, \u010d\u00edm\u017e zlep\u0161uje stav poko\u017eky, zm\u00edr\u0148uje sv\u011bd\u011bn\u00ed a sni\u017euje zarudnut\u00ed. Pravideln\u00e9 pou\u017e\u00edv\u00e1n\u00ed kr\u00e9mu pom\u00e1h\u00e1 udr\u017eovat poko\u017eku \u010distou, hydratovanou a bez mastn\u00e9ho vzhledu.  <\/span><\/p>\n<p><img decoding=\"async\" class=\"alignnone wp-image-4043\" src=\"https:\/\/cagasibirska.sk\/wp-content\/uploads\/2025\/01\/caga-krem-300x198.jpg\" alt=\"\" width=\"708\" height=\"467\" srcset=\"https:\/\/cagasibirska.sk\/wp-content\/uploads\/2025\/01\/caga-krem-300x198.jpg 300w, https:\/\/cagasibirska.sk\/wp-content\/uploads\/2025\/01\/caga-krem-1024x674.jpg 1024w, https:\/\/cagasibirska.sk\/wp-content\/uploads\/2025\/01\/caga-krem-768x506.jpg 768w, https:\/\/cagasibirska.sk\/wp-content\/uploads\/2025\/01\/caga-krem-1536x1012.jpg 1536w, https:\/\/cagasibirska.sk\/wp-content\/uploads\/2025\/01\/caga-krem-2048x1349.jpg 2048w, https:\/\/cagasibirska.sk\/wp-content\/uploads\/2025\/01\/caga-krem-600x395.jpg 600w, https:\/\/cagasibirska.sk\/wp-content\/uploads\/2025\/01\/caga-krem-150x99.jpg 150w\" sizes=\"(max-width: 708px) 100vw, 708px\" \/><\/p>\n<p><span style=\"color: #000000\"><a href=\"https:\/\/cagasibirska.sk\/cs\/produkt\/chaga-cream-krem-50-ml\/\">Kr\u00e9m<\/a> s v\u00fdta\u017ekem ze <strong>sibi\u0159sk\u00e9 \u010dagy<\/strong> je proto ide\u00e1ln\u00edm \u0159e\u0161en\u00edm pro<strong> ty, kte\u0159\u00ed trp\u00ed chronick\u00fdmi ko\u017en\u00edmi pot\u00ed\u017eemi<\/strong>, nebo pro ty, kte\u0159\u00ed hledaj\u00ed zp\u016fsob, jak zklidnit podr\u00e1\u017ed\u011bnou a citlivou poko\u017eku. Jeho jemn\u00e9, ale \u00fa\u010dinn\u00e9 slo\u017een\u00ed je vhodn\u00e9 pro ka\u017edodenn\u00ed pou\u017eit\u00ed a <strong>podporuje celkov\u00e9 zdrav\u00ed poko\u017eky<\/strong>, obnovuje jej\u00ed p\u0159irozenou rovnov\u00e1hu a kr\u00e1su.<\/span><\/p>\n<h2><span style=\"color: #000000\"><strong>\u010caga sibi\u0159sk\u00e1 \u017eelatinov\u00e9 kapsle &#8211; 500 ks<\/strong><\/span><\/h2>\n<p><span style=\"color: #000000\"><strong>100% extrakt sibi\u0159sk\u00e9 \u010dagy<\/strong> v jemn\u00fdch <a href=\"https:\/\/cagasibirska.sk\/cs\/produkt\/caga-sibirska-zelatinove-kapsle-500-ks\/\">\u017eelatinov\u00fdch kapsl\u00edch<\/a> je p\u0159\u00edrodn\u00ed dopln\u011bk stravy s <strong>mimo\u0159\u00e1dn\u00fdmi zdravotn\u00edmi \u00fa\u010dinky.<\/strong> Sibi\u0159sk\u00e1 \u010daga, kter\u00e1 roste v extr\u00e9mn\u00edch podm\u00ednk\u00e1ch seversk\u00fdch les\u016f, obsahuje <strong>vysok\u00e9 mno\u017estv\u00ed bioaktivn\u00edch l\u00e1tek<\/strong> v\u010detn\u011b antioxidant\u016f, polysacharid\u016f, beta-glukan\u016f a sterol\u016f, kter\u00e9 jsou kl\u00ed\u010dov\u00e9 pro pos\u00edlen\u00ed imunitn\u00edho syst\u00e9mu. Tento extrakt <strong>pom\u00e1h\u00e1 t\u011blu bojovat proti<\/strong> r\u016fzn\u00fdm <strong>infek\u010dn\u00edm onemocn\u011bn\u00edm<\/strong> zp\u016fsoben\u00fdm viry, bakteriemi, pl\u00edsn\u011bmi a parazity, \u010d\u00edm\u017e zvy\u0161uje p\u0159irozenou obranyschopnost organismu.<\/span><\/p>\n<p><span style=\"color: #000000\">\u010caga tak\u00e9 p\u0159isp\u00edv\u00e1 k <strong>udr\u017een\u00ed optim\u00e1ln\u00ed hladiny cukru v krvi, co\u017e<\/strong> je d\u016fle\u017eit\u00e9 zejm\u00e9na pro osoby trp\u00edc\u00ed cukrovkou nebo pro osoby, kter\u00e9 pat\u0159\u00ed do rizikov\u00e9 skupiny. Z\u00e1rove\u0148 m\u00e1 <g id=\"gid_1\">pozitivn\u00ed vliv<\/g> na regulaci krevn\u00edho tlaku, \u010d\u00edm\u017e pom\u00e1h\u00e1 p\u0159i hypertenzi nebo naopak n\u00edzk\u00e9m tlaku. D\u00edky sv\u00e9mu slo\u017een\u00ed podporuje zdrav\u00e9 tr\u00e1ven\u00ed, zm\u00edr\u0148uje za\u017e\u00edvac\u00ed pot\u00ed\u017ee a napom\u00e1h\u00e1 lep\u0161\u00edmu vst\u0159eb\u00e1v\u00e1n\u00ed \u017eivin z potravy.  <\/span><\/p>\n<p><img decoding=\"async\" class=\"alignnone wp-image-4049\" src=\"https:\/\/cagasibirska.sk\/wp-content\/uploads\/2025\/01\/caga_kapsule_zele-300x198.jpg\" alt=\"\" width=\"708\" height=\"467\" srcset=\"https:\/\/cagasibirska.sk\/wp-content\/uploads\/2025\/01\/caga_kapsule_zele-300x198.jpg 300w, https:\/\/cagasibirska.sk\/wp-content\/uploads\/2025\/01\/caga_kapsule_zele-1024x674.jpg 1024w, https:\/\/cagasibirska.sk\/wp-content\/uploads\/2025\/01\/caga_kapsule_zele-768x506.jpg 768w, https:\/\/cagasibirska.sk\/wp-content\/uploads\/2025\/01\/caga_kapsule_zele-1536x1012.jpg 1536w, https:\/\/cagasibirska.sk\/wp-content\/uploads\/2025\/01\/caga_kapsule_zele-2048x1349.jpg 2048w, https:\/\/cagasibirska.sk\/wp-content\/uploads\/2025\/01\/caga_kapsule_zele-600x395.jpg 600w, https:\/\/cagasibirska.sk\/wp-content\/uploads\/2025\/01\/caga_kapsule_zele-150x99.jpg 150w\" sizes=\"(max-width: 708px) 100vw, 708px\" \/><\/p>\n<p><span style=\"color: #000000\">Tento dopln\u011bk stravy <strong>je ide\u00e1ln\u00ed volbou<\/strong> pro ty, kte\u0159\u00ed hledaj\u00ed zp\u016fsob, jak<strong> pos\u00edlit svou imunitu, udr\u017eet t\u011blo v rovnov\u00e1ze<\/strong> a chr\u00e1nit se p\u0159ed celou \u0159adou zdravotn\u00edch probl\u00e9m\u016f. Je <strong>vhodn\u00fd pro dlouhodob\u00e9 u\u017e\u00edv\u00e1n\u00ed<\/strong> jako prevence proti nemocem a m\u016f\u017ee slou\u017eit i jako podp\u016frn\u00e1 l\u00e9\u010dba ji\u017e existuj\u00edc\u00edch zdravotn\u00edch komplikac\u00ed. <\/span><\/p>\n","protected":false},"excerpt":{"rendered":"<p><span style=\"color: #000000\">Vyu\u017eijte v\u00fdhodnou nab\u00eddku s kombinac\u00ed <strong><a href=\"https:\/\/cagasibirska.sk\/cs\/produkt\/chaga-cream-krem-50-ml\/\">Chaga CREAM &#8211; kr\u00e9m 50 m<\/a><a href=\"https:\/\/cagasibirska.sk\/cs\/produkt\/chaga-cream-krem-50-ml\/\">l<\/a><\/strong> a <a href=\"https:\/\/cagasibirska.sk\/cs\/produkt\/caga-sibirska-zelatinove-kapsle-500-ks\/\"><strong>\u010caga sibi\u0159sk\u00e1 \u017eelatinov\u00e9 kapsle &#8211; 500 ks<\/strong><\/a>. Tuto sadu lze zakoupit se slevou 11 %.   <\/span><\/p>\n<hr>\n<h5><span style=\"color: #ff0000\"><strong>Doporu\u010dujeme: <span style=\"color: #000000\">zakoupen\u00edm tohoto produktu se automaticky zapoj\u00edte do sout\u011b\u017ee o poukaz v hodnot\u011b 300 \u20ac na produkty Chaga Siberian &#8211;<\/span><\/strong><\/span> <a href=\"https:\/\/cagasibirska.sk\/cs\/soutez-o-poukaz-v-hodnote-300-e-na-nakup-produktu-chaga\/\">V\u00edce o sout\u011b\u017ei<\/a><\/h5>\n","protected":false},"featured_media":4036,"comment_status":"open","ping_status":"closed","template":"","meta":[],"product_brand":[],"product_cat":[35,31],"product_tag":[],"class_list":{"0":"post-1911","1":"product","2":"type-product","3":"status-publish","4":"has-post-thumbnail","6":"product_cat-produkty-cs","7":"product_cat-uncategorized-cs","9":"first","10":"instock","11":"sale","12":"featured","13":"taxable","14":"shipping-taxable","15":"purchasable","16":"product-type-simple"},"_links":{"self":[{"href":"https:\/\/cagasibirska.sk\/cs\/wp-json\/wp\/v2\/product\/1911","targetHints":{"allow":["GET"]}}],"collection":[{"href":"https:\/\/cagasibirska.sk\/cs\/wp-json\/wp\/v2\/product"}],"about":[{"href":"https:\/\/cagasibirska.sk\/cs\/wp-json\/wp\/v2\/types\/product"}],"replies":[{"embeddable":true,"href":"https:\/\/cagasibirska.sk\/cs\/wp-json\/wp\/v2\/comments?post=1911"}],"version-history":[{"count":6,"href":"https:\/\/cagasibirska.sk\/cs\/wp-json\/wp\/v2\/product\/1911\/revisions"}],"predecessor-version":[{"id":4586,"href":"https:\/\/cagasibirska.sk\/cs\/wp-json\/wp\/v2\/product\/1911\/revisions\/4586"}],"wp:featuredmedia":[{"embeddable":true,"href":"https:\/\/cagasibirska.sk\/cs\/wp-json\/wp\/v2\/media\/4036"}],"wp:attachment":[{"href":"https:\/\/cagasibirska.sk\/cs\/wp-json\/wp\/v2\/media?parent=1911"}],"wp:term":[{"taxonomy":"product_brand","embeddable":true,"href":"https:\/\/cagasibirska.sk\/cs\/wp-json\/wp\/v2\/product_brand?post=1911"},{"taxonomy":"product_cat","embeddable":true,"href":"https:\/\/cagasibirska.sk\/cs\/wp-json\/wp\/v2\/product_cat?post=1911"},{"taxonomy":"product_tag","embeddable":true,"href":"https:\/\/cagasibirska.sk\/cs\/wp-json\/wp\/v2\/product_tag?post=1911"}],"curies":[{"name":"wp","href":"https:\/\/api.w.org\/{rel}","templated":true}]}}