{"id":1909,"date":"2025-01-29T13:25:52","date_gmt":"2025-01-29T12:25:52","guid":{"rendered":"https:\/\/cagasibirska.sk\/produkt\/caga-sibirska-500-g-napoj-caga-sibirska-zelatinove-kapsle-500-ks\/"},"modified":"2025-09-03T21:55:45","modified_gmt":"2025-09-03T19:55:45","slug":"caga-sibirska-500-g-napoj-caga-sibirska-zelatinove-kapsle-500-ks","status":"publish","type":"product","link":"https:\/\/cagasibirska.sk\/cs\/produkt\/caga-sibirska-500-g-napoj-caga-sibirska-zelatinove-kapsle-500-ks\/","title":{"rendered":"\u010caga sibi\u0159sk\u00e1 500 g &#8211; n\u00e1poj + \u010caga sibi\u0159sk\u00e1 \u017eelatinov\u00e9 kapsle &#8211; 500 ks"},"content":{"rendered":"<p><strong>\u010cAGA SIBI\u0158SK\u00dd PR\u00c1\u0160EK 500 g &#8211; n\u00e1poj  <\/strong><\/p>\n<p>Tento dopln\u011bk stravy je navr\u017een <strong>ve form\u011b instantn\u00edho n\u00e1poje, co\u017e znamen\u00e1, \u017ee si ho m\u016f\u017eete snadno a rychle p\u0159ipravit kdykoli b\u011bhem dne. <\/strong>Jeho hlavn\u00ed slo\u017ekou je vysoce kvalitn\u00ed extrakt ze sibi\u0159sk\u00e9 \u010dagy, vz\u00e1cn\u00e9 houby zn\u00e1m\u00e9 sv\u00fdmi pozitivn\u00edmi \u00fa\u010dinky na zdrav\u00ed. \u010caga sibi\u0159sk\u00e1 se v tradi\u010dn\u00ed medic\u00edn\u011b pou\u017e\u00edv\u00e1 ji\u017e po stalet\u00ed d\u00edky sv\u00e9 schopnosti<strong>podporovat imunitn\u00ed syst\u00e9m, zvy\u0161ovat vitalitu a p\u0159isp\u00edvat k lep\u0161\u00edmu celkov\u00e9mu zdrav\u00ed organismu.<\/strong> <\/p>\n<p>Aby byl tento produkt je\u0161t\u011b \u00fa\u010dinn\u011bj\u0161\u00ed, je <strong>obohacen o vitamin C<\/strong>, kter\u00fd hraje kl\u00ed\u010dovou roli p\u0159i podpo\u0159e imunitn\u00edho syst\u00e9mu a ochran\u011b bun\u011bk p\u0159ed oxida\u010dn\u00edm stresem. Vitamin C tak\u00e9 podporuje vst\u0159eb\u00e1v\u00e1n\u00ed dal\u0161\u00edch prosp\u011b\u0161n\u00fdch l\u00e1tek a p\u0159isp\u00edv\u00e1 ke spr\u00e1vn\u00e9mu fungov\u00e1n\u00ed organismu. <\/p>\n<p>Tento instantn\u00ed n\u00e1poj doporu\u010dujeme v\u0161em, kte\u0159\u00ed cht\u011bj\u00ed pos\u00edlit svou imunitu, zejm\u00e9na v obdob\u00ed zv\u00fd\u0161en\u00e9ho stresu nebo sez\u00f3nn\u00edch onemocn\u011bn\u00ed. Je vhodn\u00fd i pro dosp\u00edvaj\u00edc\u00ed, tak\u017ee je ide\u00e1ln\u00edm dopl\u0148kem stravy pro celou rodinu. D\u00edky jeho jednoduch\u00e9 p\u0159\u00edprav\u011b a skv\u011bl\u00fdm \u00fa\u010dink\u016fm m\u016f\u017eete m\u00edt sv\u00e9 zdrav\u00ed na dosah ka\u017ed\u00fd den.  <\/p>\n<p><strong>\u010caga sibi\u0159sk\u00e1 \u017eelatinov\u00e9 kapsle &#8211; 500 ks<\/strong><\/p>\n<p><strong>100% extrakt sibi\u0159sk\u00e9 \u010dagy v m\u011bkk\u00fdch \u017eelatinov\u00fdch kapsl\u00edch <\/strong>je p\u0159\u00edrodn\u00ed dopln\u011bk stravy s mimo\u0159\u00e1dn\u00fdmi zdravotn\u00edmi \u00fa\u010dinky. Sibi\u0159sk\u00e1 \u010daga, kter\u00e1 roste v extr\u00e9mn\u00edch podm\u00ednk\u00e1ch seversk\u00fdch les\u016f, <strong>obsahuje vysok\u00e9 mno\u017estv\u00ed bioaktivn\u00edch l\u00e1tek,<\/strong> v\u010detn\u011b antioxidant\u016f, polysacharid\u016f, beta-glukan\u016f a sterol\u016f, kter\u00e9 jsou kl\u00ed\u010dov\u00e9 pro pos\u00edlen\u00ed imunitn\u00edho syst\u00e9mu. <strong>Tento extrakt pom\u00e1h\u00e1 t\u011blu bojovat s r\u016fzn\u00fdmi infek\u010dn\u00edmi onemocn\u011bn\u00edmi<\/strong> zp\u016fsoben\u00fdmi viry, bakteriemi, pl\u00edsn\u011bmi a parazity, \u010d\u00edm\u017e zvy\u0161uje p\u0159irozenou obranyschopnost organismu. <\/p>\n<p>\u010caga tak\u00e9 p\u0159isp\u00edv\u00e1 k udr\u017een\u00ed optim\u00e1ln\u00ed hladiny cukru v krvi, co\u017e je d\u016fle\u017eit\u00e9 zejm\u00e9na pro osoby trp\u00edc\u00ed cukrovkou nebo pro osoby, kter\u00e9 pat\u0159\u00ed do rizikov\u00e9 skupiny. Z\u00e1rove\u0148 m\u00e1 pozitivn\u00ed vliv na regulaci krevn\u00edho tlaku, \u010d\u00edm\u017e pom\u00e1h\u00e1 p\u0159i hypertenzi nebo naopak n\u00edzk\u00e9m tlaku. D\u00edky sv\u00e9mu slo\u017een\u00ed podporuje zdrav\u00e9 tr\u00e1ven\u00ed, zm\u00edr\u0148uje za\u017e\u00edvac\u00ed pot\u00ed\u017ee a napom\u00e1h\u00e1 lep\u0161\u00edmu vst\u0159eb\u00e1v\u00e1n\u00ed \u017eivin z potravy.  <\/p>\n<p><img fetchpriority=\"high\" decoding=\"async\" class=\"wp-image-1215 aligncenter\" src=\"https:\/\/cagasibirska.sk\/wp-content\/uploads\/2025\/01\/cg-300x300.jpg\" alt=\"\" width=\"466\" height=\"466\" srcset=\"https:\/\/cagasibirska.sk\/wp-content\/uploads\/2025\/01\/cg-300x300.jpg 300w, https:\/\/cagasibirska.sk\/wp-content\/uploads\/2025\/01\/cg-1024x1024.jpg 1024w, https:\/\/cagasibirska.sk\/wp-content\/uploads\/2025\/01\/cg-150x150.jpg 150w, https:\/\/cagasibirska.sk\/wp-content\/uploads\/2025\/01\/cg-768x768.jpg 768w, https:\/\/cagasibirska.sk\/wp-content\/uploads\/2025\/01\/cg-600x600.jpg 600w, https:\/\/cagasibirska.sk\/wp-content\/uploads\/2025\/01\/cg.jpg 1080w\" sizes=\"(max-width: 466px) 100vw, 466px\" \/><\/p>\n<p><strong>Tento dopln\u011bk stravy je ide\u00e1ln\u00ed volbou pro ty, kte\u0159\u00ed hledaj\u00ed zp\u016fsob, jak pos\u00edlit svou imunitu, <\/strong>udr\u017eet t\u011blo v rovnov\u00e1ze a chr\u00e1nit se p\u0159ed celou \u0159adou zdravotn\u00edch probl\u00e9m\u016f. Je vhodn\u00fd pro dlouhodob\u00e9 u\u017e\u00edv\u00e1n\u00ed jako prevence proti nemocem a m\u016f\u017ee slou\u017eit i jako podp\u016frn\u00e1 l\u00e9\u010dba ji\u017e existuj\u00edc\u00edch zdravotn\u00edch komplikac\u00ed. <\/p>\n","protected":false},"excerpt":{"rendered":"<p>Z\u00edskejte v\u00fdhodnou sadu, kter\u00e1 obsahuje <strong>Chaga SIBERIAN POWDER 500 g<\/strong> pro p\u0159\u00edpravu n\u00e1poje a <strong>Chaga Siberian \u017eelatinov\u00e9 kapsle &#8211; 500 ks<\/strong>. Tento bal\u00ed\u010dek v\u00e1m nab\u00edz\u00ed ide\u00e1ln\u00ed kombinaci pro dlouhodobou podporu imunity a celkov\u00e9ho zdrav\u00ed, a to za v\u00fdhodn\u011bj\u0161\u00ed cenu, ne\u017e kdybyste si produkty kupovali samostatn\u011b. <\/p>\n","protected":false},"featured_media":1836,"comment_status":"open","ping_status":"closed","template":"","meta":[],"product_brand":[],"product_cat":[35,31],"product_tag":[],"class_list":{"0":"post-1909","1":"product","2":"type-product","3":"status-publish","4":"has-post-thumbnail","6":"product_cat-produkty-cs","7":"product_cat-uncategorized-cs","9":"first","10":"outofstock","11":"sale","12":"featured","13":"taxable","14":"shipping-taxable","15":"purchasable","16":"product-type-simple"},"_links":{"self":[{"href":"https:\/\/cagasibirska.sk\/cs\/wp-json\/wp\/v2\/product\/1909","targetHints":{"allow":["GET"]}}],"collection":[{"href":"https:\/\/cagasibirska.sk\/cs\/wp-json\/wp\/v2\/product"}],"about":[{"href":"https:\/\/cagasibirska.sk\/cs\/wp-json\/wp\/v2\/types\/product"}],"replies":[{"embeddable":true,"href":"https:\/\/cagasibirska.sk\/cs\/wp-json\/wp\/v2\/comments?post=1909"}],"version-history":[{"count":1,"href":"https:\/\/cagasibirska.sk\/cs\/wp-json\/wp\/v2\/product\/1909\/revisions"}],"predecessor-version":[{"id":3638,"href":"https:\/\/cagasibirska.sk\/cs\/wp-json\/wp\/v2\/product\/1909\/revisions\/3638"}],"wp:featuredmedia":[{"embeddable":true,"href":"https:\/\/cagasibirska.sk\/cs\/wp-json\/wp\/v2\/media\/1836"}],"wp:attachment":[{"href":"https:\/\/cagasibirska.sk\/cs\/wp-json\/wp\/v2\/media?parent=1909"}],"wp:term":[{"taxonomy":"product_brand","embeddable":true,"href":"https:\/\/cagasibirska.sk\/cs\/wp-json\/wp\/v2\/product_brand?post=1909"},{"taxonomy":"product_cat","embeddable":true,"href":"https:\/\/cagasibirska.sk\/cs\/wp-json\/wp\/v2\/product_cat?post=1909"},{"taxonomy":"product_tag","embeddable":true,"href":"https:\/\/cagasibirska.sk\/cs\/wp-json\/wp\/v2\/product_tag?post=1909"}],"curies":[{"name":"wp","href":"https:\/\/api.w.org\/{rel}","templated":true}]}}