{"id":1905,"date":"2025-01-29T16:16:32","date_gmt":"2025-01-29T15:16:32","guid":{"rendered":"https:\/\/cagasibirska.sk\/produkt\/caga-sibirsky-prasek-500-g-napoj\/"},"modified":"2025-12-29T13:54:32","modified_gmt":"2025-12-29T12:54:32","slug":"caga-sibirsky-prasek-500-g-napoj","status":"publish","type":"product","link":"https:\/\/cagasibirska.sk\/cs\/produkt\/caga-sibirsky-prasek-500-g-napoj\/","title":{"rendered":"\u010cAGA SIBI\u0158SK\u00dd PR\u00c1\u0160EK 500 g &#8211; n\u00e1poj"},"content":{"rendered":"<div class=\"flex-shrink-0 flex flex-col relative items-end\">\n<div class=\"pt-0\">\n<div class=\"gizmo-bot-avatar flex h-8 w-8 items-center justify-center overflow-hidden rounded-full\">\n<div class=\"relative p-1 rounded-sm flex items-center justify-center bg-token-main-surface-primary text-token-text-primary h-8 w-8\">\n<p><span style=\"color: #000000\"><strong>Tento dopln\u011bk stravy je navr\u017een ve form\u011b instantn\u00edho n\u00e1poje, co\u017e <\/strong>znamen\u00e1, \u017ee si ho m\u016f\u017eete snadno a rychle p\u0159ipravit kdykoli b\u011bhem dne. Jeho hlavn\u00ed slo\u017ekou je vysoce kvalitn\u00ed extrakt ze sibi\u0159sk\u00e9 \u010dagy, vz\u00e1cn\u00e9 houby zn\u00e1m\u00e9 sv\u00fdmi pozitivn\u00edmi \u00fa\u010dinky na zdrav\u00ed. \u010caga sibi\u0159sk\u00e1 se v tradi\u010dn\u00ed medic\u00edn\u011b pou\u017e\u00edv\u00e1 ji\u017e po stalet\u00ed <strong>d\u00edky sv\u00e9 schopnosti podporovat imunitn\u00ed syst\u00e9m,<\/strong> zvy\u0161ovat vitalitu a p\u0159isp\u00edvat k lep\u0161\u00edmu celkov\u00e9mu zdrav\u00ed organismu.  <\/span><\/p>\n<p><img fetchpriority=\"high\" decoding=\"async\" class=\"alignnone wp-image-4116\" src=\"https:\/\/cagasibirska.sk\/wp-content\/uploads\/2025\/01\/powder-300x198.jpg\" alt=\"\" width=\"708\" height=\"467\" srcset=\"https:\/\/cagasibirska.sk\/wp-content\/uploads\/2025\/01\/powder-300x198.jpg 300w, https:\/\/cagasibirska.sk\/wp-content\/uploads\/2025\/01\/powder-1024x674.jpg 1024w, https:\/\/cagasibirska.sk\/wp-content\/uploads\/2025\/01\/powder-768x506.jpg 768w, https:\/\/cagasibirska.sk\/wp-content\/uploads\/2025\/01\/powder-1536x1012.jpg 1536w, https:\/\/cagasibirska.sk\/wp-content\/uploads\/2025\/01\/powder-2048x1349.jpg 2048w, https:\/\/cagasibirska.sk\/wp-content\/uploads\/2025\/01\/powder-600x395.jpg 600w, https:\/\/cagasibirska.sk\/wp-content\/uploads\/2025\/01\/powder-150x99.jpg 150w\" sizes=\"(max-width: 708px) 100vw, 708px\" \/><\/p>\n<p><span style=\"color: #000000\">Aby byl tento produkt je\u0161t\u011b \u00fa\u010dinn\u011bj\u0161\u00ed, je <strong>obohacen o vitamin C, kter\u00fd<\/strong> hraje kl\u00ed\u010dovou roli p\u0159i podpo\u0159e imunitn\u00edho syst\u00e9mu a ochran\u011b bun\u011bk p\u0159ed oxida\u010dn\u00edm stresem. Vitamin C tak\u00e9 podporuje vst\u0159eb\u00e1v\u00e1n\u00ed dal\u0161\u00edch prosp\u011b\u0161n\u00fdch l\u00e1tek a <strong>p\u0159isp\u00edv\u00e1 ke spr\u00e1vn\u00e9mu fungov\u00e1n\u00ed organismu.<\/strong> <\/span><\/p>\n<p><span style=\"color: #000000\">Tento instantn\u00ed n\u00e1poj doporu\u010dujeme v\u0161em, kte\u0159\u00ed cht\u011bj\u00ed pos\u00edlit svou imunitu, zejm\u00e9na v obdob\u00ed zv\u00fd\u0161en\u00e9ho stresu nebo sez\u00f3nn\u00edch onemocn\u011bn\u00ed.  <strong>Je vhodn\u00fd i pro teenagery, tak\u017ee je ide\u00e1ln\u00edm dopl\u0148kem pro celou rodinu.<\/strong>  D\u00edky jednoduch\u00e9 p\u0159\u00edprav\u011b a skv\u011bl\u00fdm \u00fa\u010dink\u016fm m\u016f\u017eete m\u00edt zdrav\u00ed na dosah ka\u017ed\u00fd den.<\/span><\/p>\n<h2 data-start=\"179\" data-end=\"205\"><span style=\"color: #339966\"><strong data-start=\"179\" data-end=\"205\">Pro koho je vhodn\u00fd:<\/strong><\/span><\/h2>\n<ul data-start=\"206\" data-end=\"755\">\n<li data-start=\"206\" data-end=\"299\">\n<p data-start=\"208\" data-end=\"299\"><span style=\"color: #000000\">Lid\u00e9, kte\u0159\u00ed cht\u011bj\u00ed <strong data-start=\"223\" data-end=\"243\">pos\u00edlit svou imunitu<\/strong> &#8211; zejm\u00e9na b\u011bhem podzimu\/zimy nebo p\u0159i sez\u00f3nn\u00edch vir\u00f3z\u00e1ch.<\/span><\/p>\n<\/li>\n<li data-start=\"300\" data-end=\"387\">\n<p data-start=\"302\" data-end=\"387\"><span style=\"color: #000000\"><strong data-start=\"302\" data-end=\"325\">Neust\u00e1le zanepr\u00e1zdn\u011bn\u00ed<\/strong> &#8211; chcete n\u011bco, co lze <strong data-start=\"347\" data-end=\"366\">rychle p\u0159ipravit<\/strong> a vyp\u00edt &#8222;za pochodu&#8220;.<\/span><\/p>\n<\/li>\n<li data-start=\"388\" data-end=\"481\">\n<p data-start=\"390\" data-end=\"481\"><span style=\"color: #000000\"><strong data-start=\"390\" data-end=\"414\">Studenti a dosp\u00edvaj\u00edc\u00ed<\/strong> v obdob\u00ed zkou\u0161ek\/stresu &#8211; podpora vitality a ka\u017edodenn\u00ed odolnosti.<\/span><\/p>\n<\/li>\n<li data-start=\"482\" data-end=\"570\">\n<p data-start=\"484\" data-end=\"570\"><span style=\"color: #000000\"><strong data-start=\"484\" data-end=\"506\">Rodi\u010de a cel\u00e1 rodina<\/strong> &#8211; univerz\u00e1ln\u00ed dopln\u011bk pro spole\u010dnou rutinu (v\u010detn\u011b teenager\u016f).<\/span><\/p>\n<\/li>\n<li data-start=\"571\" data-end=\"660\">\n<p data-start=\"573\" data-end=\"660\"><span style=\"color: #000000\">Lid\u00e9 s <strong data-start=\"581\" data-end=\"610\">v\u00fdpadky pam\u011bti v odpoledn\u00edch hod<\/strong> in\u00e1ch &#8211; civilizovan\u011bj\u0161\u00ed alternativa ke k\u00e1v\u011b\/energii.<\/span><\/p>\n<\/li>\n<li data-start=\"661\" data-end=\"755\">\n<p data-start=\"663\" data-end=\"755\"><span style=\"color: #000000\">Koho zaj\u00edm\u00e1 <strong data-start=\"674\" data-end=\"698\">antioxida\u010dn\u00ed ochrana<\/strong> &#8211; vitamin C pom\u00e1h\u00e1 chr\u00e1nit bu\u0148ky p\u0159ed oxida\u010dn\u00edm stresem.<\/span><\/p>\n<\/li>\n<\/ul>\n<h2 data-start=\"757\" data-end=\"789\"><span style=\"color: #339966\"><strong data-start=\"757\" data-end=\"789\">Specifick\u00e9 situace pou\u017eit\u00ed:<\/strong><\/span><\/h2>\n<ul data-start=\"790\" data-end=\"1290\">\n<li data-start=\"790\" data-end=\"853\">\n<p data-start=\"792\" data-end=\"853\"><span style=\"color: #000000\"><strong data-start=\"792\" data-end=\"811\">R\u00e1no ke sn\u00eddani<\/strong> jako ka\u017edodenn\u00ed ritu\u00e1l k &#8222;nastartov\u00e1n\u00ed&#8220; imunity.<\/span><\/p>\n<\/li>\n<li data-start=\"854\" data-end=\"940\">\n<p data-start=\"856\" data-end=\"940\"><span style=\"color: #000000\"><strong data-start=\"856\" data-end=\"884\">P\u0159ed\/po kontaktu s davem<\/strong> (ve\u0159ejn\u00e1 doprava, \u0161kola, voln\u00e9 prostranstv\u00ed, akce) &#8211; dodate\u010dn\u00fd &#8222;\u0161t\u00edt&#8220;.<\/span><\/p>\n<\/li>\n<li data-start=\"941\" data-end=\"1033\">\n<p data-start=\"943\" data-end=\"1033\"><span style=\"color: #000000\"><strong data-start=\"943\" data-end=\"965\">Zkou\u0161ky\/z\u00e1v\u011bry<\/strong> &#8211; kdy\u017e c\u00edt\u00edte, \u017ee jdete &#8222;nadoraz&#8220; a pot\u0159ebujete stabiln\u011bj\u0161\u00ed vitalitu.<\/span><\/p>\n<\/li>\n<li data-start=\"1034\" data-end=\"1117\">\n<p data-start=\"1036\" data-end=\"1117\"><span style=\"color: #000000\"><strong data-start=\"1036\" data-end=\"1050\">Cestov\u00e1n\u00ed<\/strong> (letadla, zm\u011bna klimatu\/\u010dasov\u00e9ho p\u00e1sma) &#8211; udr\u017euje v\u00e1s v\u00edce &#8222;v pohod\u011b&#8220;.<\/span><\/p>\n<\/li>\n<li data-start=\"1118\" data-end=\"1188\">\n<p data-start=\"1120\" data-end=\"1188\"><span style=\"color: #000000\"><strong data-start=\"1120\" data-end=\"1134\">Po nemoci<\/strong> v re\u017eimu n\u00e1vratu do norm\u00e1ln\u00edho \u017eivota &#8211; jemn\u00e9 povzbuzen\u00ed kondice.<\/span><\/p>\n<\/li>\n<li data-start=\"1189\" data-end=\"1290\">\n<p data-start=\"1191\" data-end=\"1290\"><span style=\"color: #000000\"><strong data-start=\"1191\" data-end=\"1202\">Odpoledne<\/strong> m\u00edsto sladkost\u00ed nebo energetick\u00e9ho n\u00e1poje &#8211; rychl\u00e1 p\u0159\u00edprava, bez zbyte\u010dn\u00e9ho p\u00e1du z cukru.<\/span><\/p>\n<\/li>\n<\/ul>\n<h2 data-start=\"1292\" data-end=\"1321\"><span style=\"color: #339966\"><strong data-start=\"1292\" data-end=\"1321\">Jak (a kdy) u\u017e\u00edvat:<\/strong><\/span><\/h2>\n<ul data-start=\"1322\" data-end=\"1576\">\n<li data-start=\"1322\" data-end=\"1406\">\n<p data-start=\"1324\" data-end=\"1406\"><span style=\"color: #000000\">Rozpus\u0165te ve vod\u011b <strong data-start=\"1324\" data-end=\"1336\">jednou denn\u011b<\/strong> (v dob\u011b, kter\u00e1 v\u00e1m vyhovuje) &#8211; hotovo za 10 sekund.<\/span><\/p>\n<\/li>\n<li data-start=\"1407\" data-end=\"1491\">\n<p data-start=\"1409\" data-end=\"1491\"><span style=\"color: #000000\">M\u016f\u017eete pod\u00e1vat <strong data-start=\"1419\" data-end=\"1431\">s j\u00eddlem<\/strong> (\u0161etrn\u011bj\u0161\u00ed k \u017ealudku) nebo <strong data-start=\"1461\" data-end=\"1475\">samostatn\u011b<\/strong> jako osv\u011b\u017een\u00ed.<\/span><\/p>\n<\/li>\n<li data-start=\"1492\" data-end=\"1576\">\n<p data-start=\"1494\" data-end=\"1576\"><span style=\"color: #000000\">V &#8222;rizikov\u00e9m obdob\u00ed&#8220; (nachlazen\u00ed, vysok\u00fd stres) m\u016f\u017eete absolvovat <strong data-start=\"1554\" data-end=\"1575\">kr\u00e1tk\u00e9 denn\u00ed k\u00fary<\/strong>.<\/span><\/p>\n<\/li>\n<\/ul>\n<h2><span style=\"color: #339966\">Co je sibi\u0159sk\u00e1 \u010daga?  <\/span><\/h2>\n<p><a href=\"https:\/\/cagasibirska.sk\/cs\/prirodni-podpora-imunity-a-zdravi-v-zimnich-mesicich\/\">Chaga<\/a> <span style=\"color: #000000\">je houba (Inonotus obliquus), kter\u00e1 se tradi\u010dn\u011b pou\u017e\u00edv\u00e1 na podporu imunity. <strong>Nen\u00ed to rychl\u00e1 pilulka<\/strong> &#8222;na v\u0161echno&#8220;, ale sp\u00ed\u0161e <strong>ka\u017edodenn\u00ed &#8222;brn\u011bn\u00ed&#8220; pro imunitu &#8211; tich\u00e1<\/strong>posila, kter\u00e9 si mo\u017en\u00e1 ani nev\u0161imnete, ale chyb\u00ed v\u00e1m, kdy\u017e ji nem\u00e1te. <\/span> <\/p>\n<h2><span style=\"color: #339966\">O n\u00e1s<\/span><\/h2>\n<p><span style=\"color: #000000\">Jsme mal\u00e1 <strong>rodinn\u00e1 firma z Oravy<\/strong>, kter\u00e1 se rozhodla vyr\u00e1b\u011bt \u010dagu spr\u00e1vn\u011b: voz\u00edme ji ze Sibi\u0159e, kde <strong>zam\u011bstn\u00e1v\u00e1me m\u00edstn\u00ed sb\u011bra\u010de.<\/strong> Surovinu pos\u00edl\u00e1me ke zpracov\u00e1n\u00ed do Evropy a v\u00fdsledkem je <strong>extrakt z \u010dagy nejvy\u0161\u0161\u00ed kvality<\/strong> v praktick\u00e9 olejov\u00e9 form\u011b. N\u00e1\u0161 extrakt m\u00e1 <strong>vysokou koncentraci<\/strong>, tak\u017ee v\u00e1m sta\u010d\u00ed jen <strong>n\u011bkolik kapek denn\u011b<\/strong> &#8211; jedno balen\u00ed v\u00e1m vydr\u017e\u00ed asi <strong>p\u016fl roku<\/strong>. Na rozd\u00edl od jin\u00fdch produkt\u016f na trhu, kter\u00e9 jsou \u0159ed\u011bny alkoholem nebo vodou a rychle vypr\u0161\u00ed jejich platnost, na\u0161e \u010daga poskytuje dlouhodobou hodnotu a skute\u010dn\u011b snadn\u00e9 pou\u017eit\u00ed.  <\/span><\/p>\n<h2><span style=\"color: #339966\">Skute\u010dn\u00e9 recenze  <\/span><\/h2>\n<h4>P\u0159ipojte se k na\u0161\u00ed skupin\u011b na Faceooku, kde jsou p\u0159ev\u00e1\u017en\u011b na\u0161i z\u00e1kazn\u00edci, kte\u0159\u00ed ji\u017e maj\u00ed zku\u0161enosti s na\u0161imi produkty. Je pro n\u00e1s nesm\u00edrn\u011b d\u016fle\u017eit\u00e9, abychom od na\u0161ich z\u00e1kazn\u00edk\u016f z\u00edskali zp\u011btnou vazbu, kter\u00e1 m\u016f\u017ee ostatn\u00edm pomoci p\u0159i rozhodov\u00e1n\u00ed. P\u0159ijm\u011bte pozv\u00e1n\u00ed a sta\u0148te se \u010dleny skupiny &#8211; <a href=\"https:\/\/www.facebook.com\/groups\/345381726804885\" target=\"_blank\" rel=\"noopener\"><strong>P\u0158IJM\u011aTE POZV\u00c1N\u00cd<\/strong><\/a>  <\/h4>\n<\/div>\n<\/div>\n<\/div>\n<\/div>\n","protected":false},"excerpt":{"rendered":"<p><span style=\"color: #000000\"><strong>Dopln\u011bk stravy ve form\u011b instantn\u00edho n\u00e1poje.<\/strong> Obsahuje<strong> extrakt ze sibi\u0159sk\u00e9 \u010dagy<\/strong> a je obohacen o <strong>vitamin C. <\/strong>Doporu\u010duje se na podporu imunity a je vhodn\u00fd i pro dosp\u00edvaj\u00edc\u00ed.<\/span><\/p>\n","protected":false},"featured_media":4119,"comment_status":"open","ping_status":"closed","template":"","meta":[],"product_brand":[],"product_cat":[35,31],"product_tag":[],"class_list":{"0":"post-1905","1":"product","2":"type-product","3":"status-publish","4":"has-post-thumbnail","6":"product_cat-produkty-cs","7":"product_cat-uncategorized-cs","9":"first","10":"instock","11":"sale","12":"featured","13":"taxable","14":"shipping-taxable","15":"purchasable","16":"product-type-simple"},"_links":{"self":[{"href":"https:\/\/cagasibirska.sk\/cs\/wp-json\/wp\/v2\/product\/1905","targetHints":{"allow":["GET"]}}],"collection":[{"href":"https:\/\/cagasibirska.sk\/cs\/wp-json\/wp\/v2\/product"}],"about":[{"href":"https:\/\/cagasibirska.sk\/cs\/wp-json\/wp\/v2\/types\/product"}],"replies":[{"embeddable":true,"href":"https:\/\/cagasibirska.sk\/cs\/wp-json\/wp\/v2\/comments?post=1905"}],"version-history":[{"count":6,"href":"https:\/\/cagasibirska.sk\/cs\/wp-json\/wp\/v2\/product\/1905\/revisions"}],"predecessor-version":[{"id":5443,"href":"https:\/\/cagasibirska.sk\/cs\/wp-json\/wp\/v2\/product\/1905\/revisions\/5443"}],"wp:featuredmedia":[{"embeddable":true,"href":"https:\/\/cagasibirska.sk\/cs\/wp-json\/wp\/v2\/media\/4119"}],"wp:attachment":[{"href":"https:\/\/cagasibirska.sk\/cs\/wp-json\/wp\/v2\/media?parent=1905"}],"wp:term":[{"taxonomy":"product_brand","embeddable":true,"href":"https:\/\/cagasibirska.sk\/cs\/wp-json\/wp\/v2\/product_brand?post=1905"},{"taxonomy":"product_cat","embeddable":true,"href":"https:\/\/cagasibirska.sk\/cs\/wp-json\/wp\/v2\/product_cat?post=1905"},{"taxonomy":"product_tag","embeddable":true,"href":"https:\/\/cagasibirska.sk\/cs\/wp-json\/wp\/v2\/product_tag?post=1905"}],"curies":[{"name":"wp","href":"https:\/\/api.w.org\/{rel}","templated":true}]}}