{"id":1903,"date":"2025-01-29T17:31:58","date_gmt":"2025-01-29T16:31:58","guid":{"rendered":"https:\/\/cagasibirska.sk\/produkt\/2x-chaga-sibirska-zelatinove-kapsle-500-ks-chaga-sibirska-kapsle-cbd-60-kapsli-zdarma\/"},"modified":"2025-11-20T23:57:31","modified_gmt":"2025-11-20T22:57:31","slug":"2x-chaga-sibirska-zelatinove-kapsle-500-ks-chaga-sibirska-kapsle-cbd-60-kapsli-zdarma","status":"publish","type":"product","link":"https:\/\/cagasibirska.sk\/cs\/produkt\/2x-chaga-sibirska-zelatinove-kapsle-500-ks-chaga-sibirska-kapsle-cbd-60-kapsli-zdarma\/","title":{"rendered":"2x Chaga sibi\u0159sk\u00e1 \u017eelatinov\u00e9 kapsle &#8211; 500 ks + Chaga sibi\u0159sk\u00e1 kapsle + CBD &#8211; 60 kapsl\u00ed ZDARMA"},"content":{"rendered":"<div class=\"flex-shrink-0 flex flex-col relative items-end\">\n<div class=\"pt-0\">\n<div class=\"gizmo-bot-avatar flex h-8 w-8 items-center justify-center overflow-hidden rounded-full\">\n<div class=\"relative p-1 rounded-sm flex items-center justify-center bg-token-main-surface-primary text-token-text-primary h-8 w-8\">\n<div class=\"flex-shrink-0 flex flex-col relative items-end\">\n<div class=\"pt-0\">\n<div class=\"gizmo-bot-avatar flex h-8 w-8 items-center justify-center overflow-hidden rounded-full\">\n<div class=\"relative p-1 rounded-sm flex items-center justify-center bg-token-main-surface-primary text-token-text-primary h-8 w-8\">\n<p><span style=\"color: #000000\"><strong>\u010caga sibi\u0159sk\u00e1 \u017eelatinov\u00e9 kapsle &#8211; 500 ks<\/strong><\/span><\/p>\n<p><span style=\"color: #000000\">100% extrakt sibi\u0159sk\u00e9 \u010dagy v jemn\u00fdch \u017eelatinov\u00fdch kapsl\u00edch je p\u0159\u00edrodn\u00ed dopln\u011bk stravy s mimo\u0159\u00e1dn\u00fdmi zdravotn\u00edmi \u00fa\u010dinky. Sibi\u0159sk\u00e1 \u010daga, kter\u00e1 roste v extr\u00e9mn\u00edch podm\u00ednk\u00e1ch seversk\u00fdch les\u016f, obsahuje vysok\u00e9 mno\u017estv\u00ed bioaktivn\u00edch l\u00e1tek v\u010detn\u011b antioxidant\u016f, polysacharid\u016f, beta-glukan\u016f a sterol\u016f, kter\u00e9 jsou kl\u00ed\u010dov\u00e9 pro pos\u00edlen\u00ed imunitn\u00edho syst\u00e9mu.  Tento extrakt pom\u00e1h\u00e1 t\u011blu bojovat proti r\u016fzn\u00fdm infek\u010dn\u00edm onemocn\u011bn\u00edm zp\u016fsoben\u00fdm viry, bakteriemi, pl\u00edsn\u011bmi a parazity, \u010d\u00edm\u017e zvy\u0161uje p\u0159irozenou obranyschopnost organismu.<\/span><\/p>\n<p><span style=\"color: #000000\">\u010caga tak\u00e9 p\u0159isp\u00edv\u00e1 k udr\u017een\u00ed optim\u00e1ln\u00ed hladiny cukru v krvi, co\u017e je d\u016fle\u017eit\u00e9 zejm\u00e9na pro osoby trp\u00edc\u00ed cukrovkou nebo pro osoby, kter\u00e9 pat\u0159\u00ed do rizikov\u00e9 skupiny. Z\u00e1rove\u0148 m\u00e1 pozitivn\u00ed vliv na regulaci krevn\u00edho tlaku, \u010d\u00edm\u017e pom\u00e1h\u00e1 p\u0159i hypertenzi nebo naopak n\u00edzk\u00e9m tlaku. D\u00edky sv\u00e9mu slo\u017een\u00ed podporuje zdrav\u00e9 tr\u00e1ven\u00ed, zm\u00edr\u0148uje za\u017e\u00edvac\u00ed pot\u00ed\u017ee a napom\u00e1h\u00e1 lep\u0161\u00edmu vst\u0159eb\u00e1v\u00e1n\u00ed \u017eivin z potravy.  <\/span><\/p>\n<p><img fetchpriority=\"high\" decoding=\"async\" class=\"wp-image-1215 aligncenter\" src=\"https:\/\/cagasibirska.sk\/wp-content\/uploads\/2025\/01\/cg-300x300.jpg\" alt=\"\" width=\"428\" height=\"428\" srcset=\"https:\/\/cagasibirska.sk\/wp-content\/uploads\/2025\/01\/cg-300x300.jpg 300w, https:\/\/cagasibirska.sk\/wp-content\/uploads\/2025\/01\/cg-1024x1024.jpg 1024w, https:\/\/cagasibirska.sk\/wp-content\/uploads\/2025\/01\/cg-150x150.jpg 150w, https:\/\/cagasibirska.sk\/wp-content\/uploads\/2025\/01\/cg-768x768.jpg 768w, https:\/\/cagasibirska.sk\/wp-content\/uploads\/2025\/01\/cg-600x600.jpg 600w, https:\/\/cagasibirska.sk\/wp-content\/uploads\/2025\/01\/cg.jpg 1080w\" sizes=\"(max-width: 428px) 100vw, 428px\" \/><\/p>\n<p><span style=\"color: #000000\">Tento dopln\u011bk stravy je ide\u00e1ln\u00ed volbou pro ty, kte\u0159\u00ed hledaj\u00ed zp\u016fsob, jak pos\u00edlit svou imunitu, udr\u017eet t\u011blo v rovnov\u00e1ze a chr\u00e1nit se p\u0159ed celou \u0159adou zdravotn\u00edch probl\u00e9m\u016f. Je vhodn\u00fd pro dlouhodob\u00e9 u\u017e\u00edv\u00e1n\u00ed jako prevence proti nemocem a m\u016f\u017ee slou\u017eit i jako podp\u016frn\u00e1 l\u00e9\u010dba ji\u017e existuj\u00edc\u00edch zdravotn\u00edch komplikac\u00ed. <\/span><\/p>\n<hr>\n<div class=\"flex-shrink-0 flex flex-col relative items-end\">\n<div class=\"pt-0\">\n<div class=\"gizmo-bot-avatar flex h-8 w-8 items-center justify-center overflow-hidden rounded-full\">\n<div class=\"relative p-1 rounded-sm flex items-center justify-center bg-token-main-surface-primary text-token-text-primary h-8 w-8\"><span style=\"color: #000000\"><strong>Chaga sibi\u0159sk\u00e1 CAPSULE + CBD &#8211; 60 kapsl\u00ed  <\/strong><\/span><\/div>\n<div class=\"relative p-1 rounded-sm flex items-center justify-center bg-token-main-surface-primary text-token-text-primary h-8 w-8\"><\/div>\n<div class=\"relative p-1 rounded-sm flex items-center justify-center bg-token-main-surface-primary text-token-text-primary h-8 w-8\"><span style=\"color: #000000\"><strong>100% extrakt ze sibi\u0159sk\u00e9 \u010dagy <\/strong>v kapsl\u00edch je jedine\u010dn\u00fd produkt, kter\u00fd kombinuje p\u0159\u00edrodn\u00ed l\u00e9\u010div\u00e9 vlastnosti houby \u010dagy s modern\u00ed technologi\u00ed zpracov\u00e1n\u00ed. \u010caga (Inonotus obliquus), zn\u00e1m\u00e1 tak\u00e9 jako &#8222;houba nesmrtelnosti&#8220; nebo &#8222;dar Sibi\u0159e&#8220;, <strong>je bohat\u00e1 na v\u00edce ne\u017e 200 \u00fa\u010dinn\u00fdch biologick\u00fdch l\u00e1tek, v\u010detn\u011b polysacharid\u016f, betulinu, sterol\u016f, antioxidant\u016f a dal\u0161\u00edch \u017eivin, kter\u00e9 jsou cenn\u00e9 pro lidsk\u00e9 zdrav\u00ed.<\/strong> Tyto l\u00e1tky maj\u00ed celou \u0159adu p\u0159\u00edzniv\u00fdch \u00fa\u010dink\u016f na organismus, zejm\u00e9na posiluj\u00ed imunitn\u00ed syst\u00e9m, zlep\u0161uj\u00ed metabolismus a posiluj\u00ed celkov\u00e9 zdrav\u00ed. <\/span><\/div>\n<\/div>\n<\/div>\n<\/div>\n<div class=\"group\/conversation-turn relative flex w-full min-w-0 flex-col agent-turn\">\n<div class=\"flex-col gap-1 md:gap-3\">\n<div class=\"flex max-w-full flex-col flex-grow\">\n<div class=\"min-h-[20px] text-message flex w-full flex-col items-end gap-2 whitespace-normal break-words [.text-message+&amp;]:mt-5\" dir=\"auto\">\n<div class=\"flex w-full flex-col gap-1 empty:hidden first:pt-[3px]\">\n<div class=\"markdown prose w-full break-words dark:prose-invert dark\">\n<p><span style=\"color: #000000\">Extrakt z \u010dagy v tomto produktu <strong>je obohacen o CBD (kanabidiol)<\/strong>, co\u017e je l\u00e1tka obsa\u017een\u00e1 v konop\u00ed, kter\u00e1 je zn\u00e1m\u00e1 sv\u00fdmi uklid\u0148uj\u00edc\u00edmi a relaxa\u010dn\u00edmi \u00fa\u010dinky. Kombinace \u010dagy a CBD je \u00fa\u010dinn\u00fdm p\u0159\u00edrodn\u00edm dopl\u0148kem stravy, kter\u00fd nejen\u017ee pom\u00e1h\u00e1 nastartovat imunitn\u00ed syst\u00e9m a chr\u00e1nit t\u011blo p\u0159ed r\u016fzn\u00fdmi infekcemi zp\u016fsoben\u00fdmi viry, bakteriemi, pl\u00edsn\u011bmi nebo parazity, ale m\u00e1 i dal\u0161\u00ed zdrav\u00ed prosp\u011b\u0161n\u00e9 \u00fa\u010dinky. <\/span><\/p>\n<h3><span style=\"color: #000000\">Hlavn\u00ed v\u00fdhody produktu:<\/span><\/h3>\n<ol>\n<li><span style=\"color: #000000\"><strong>Podpora imunitn\u00edho syst\u00e9mu<\/strong>: Chaga je zn\u00e1m\u00e1 t\u00edm, \u017ee posiluje p\u0159irozen\u00e9 obrann\u00e9 mechanismy organismu. Pom\u00e1h\u00e1 t\u011blu bojovat s infekcemi a zlep\u0161uje schopnost organismu odol\u00e1vat nep\u0159\u00edzniv\u00fdm vliv\u016fm prost\u0159ed\u00ed. <\/span><\/li>\n<li><span style=\"color: #000000\"><strong>Ochrana p\u0159ed infekcemi<\/strong>: kombinace \u00fa\u010dinn\u00fdch l\u00e1tek z \u010dagy a CBD m\u016f\u017ee pomoci p\u0159edch\u00e1zet r\u016fzn\u00fdm infek\u010dn\u00edm onemocn\u011bn\u00edm, a\u0165 u\u017e jsou zp\u016fsobena viry, bakteriemi nebo jin\u00fdmi patogeny.<\/span><\/li>\n<li><span style=\"color: #000000\"><strong>Podpora nervov\u00e9ho syst\u00e9mu<\/strong>: Chaga spolu s CBD m\u016f\u017ee b\u00fdt prosp\u011b\u0161n\u00e1 pro nervov\u00fd syst\u00e9m. Pom\u00e1h\u00e1 p\u0159i zvl\u00e1d\u00e1n\u00ed stresu, \u00fazkosti a m\u016f\u017ee b\u00fdt podp\u016frn\u00fdm prost\u0159edkem p\u0159i l\u00e9\u010db\u011b nervov\u00fdch onemocn\u011bn\u00ed. <\/span><\/li>\n<li><span style=\"color: #000000\"><strong>Zlep\u0161en\u00ed sp\u00e1nku<\/strong>: Zklid\u0148uj\u00edc\u00ed \u00fa\u010dinky CBD mohou pomoci lidem, kte\u0159\u00ed trp\u00ed nespavost\u00ed nebo maj\u00ed probl\u00e9my se sp\u00e1nkem, a zv\u00fd\u0161it kvalitu odpo\u010dinku a regenerace.<\/span><\/li>\n<li><span style=\"color: #000000\"><strong>Podpora pro d\u011bti a dosp\u00edvaj\u00edc\u00ed<\/strong>: Tento produkt m\u016f\u017ee b\u00fdt vhodn\u00fd tak\u00e9 pro d\u011bti a dosp\u00edvaj\u00edc\u00ed, kte\u0159\u00ed maj\u00ed probl\u00e9my s motorikou, ADHD nebo hyperaktivitou. P\u0159\u00edrodn\u00ed slo\u017eky mohou p\u0159isp\u011bt ke zlep\u0161en\u00ed koncentrace a zklidn\u011bn\u00ed nervov\u00e9ho syst\u00e9mu. <\/span><\/li>\n<\/ol>\n<p><span style=\"color: #000000\">Tento produkt je inovativn\u00edm \u0159e\u0161en\u00edm pro ty, kte\u0159\u00ed hledaj\u00ed p\u0159\u00edrodn\u00ed alternativy pro podporu zdrav\u00ed a vitality. P\u0159i pravideln\u00e9m u\u017e\u00edv\u00e1n\u00ed <strong>m\u016f\u017ee p\u0159isp\u011bt ke zv\u00fd\u0161en\u00ed odolnosti v\u016f\u010di nemocem,<\/strong> zlep\u0161en\u00ed kvality \u017eivota a celkov\u00e9 rovnov\u00e1hy organismu. <\/span><\/p>\n<\/div>\n<\/div>\n<\/div>\n<\/div>\n<\/div>\n<\/div>\n<\/div>\n<\/div>\n<\/div>\n<\/div>\n<\/div>\n<\/div>\n<\/div>\n<\/div>\n","protected":false},"excerpt":{"rendered":"<p><span style=\"color: #000000\">Vyu\u017eijte jedine\u010dn\u00fd d\u00e1rkov\u00fd bal\u00ed\u010dek pro sv\u00e9 zdrav\u00ed a imunitu! Kupte si dv\u011b balen\u00ed \u017eelatinov\u00fdch kapsl\u00ed Chaga sibi\u0159sk\u00e1 500 ks a z\u00edskejte Chaga sibi\u0159sk\u00e1 CAPSULE + CBD (60 kapsl\u00ed) zcela ZDARMA. Tato exkluzivn\u00ed sada podporuje imunitu, pom\u00e1h\u00e1 t\u011blu bojovat s infekcemi a d\u00edky p\u0159\u00edrodn\u00edmu CBD poskytuje uklid\u0148uj\u00edc\u00ed \u00fa\u010dinek. Oboha\u0165te svou rutinu o s\u00edlu p\u0159\u00edrody a ud\u011blejte krok k lep\u0161\u00edmu zdrav\u00ed!   <\/span><\/p>\n<hr>\n<h5><span style=\"color: #ff0000\"><strong>Doporu\u010dujeme: <span style=\"color: #000000\">zakoupen\u00edm tohoto produktu se automaticky zapoj\u00edte do sout\u011b\u017ee o poukaz v hodnot\u011b 300 \u20ac na produkty Chaga Siberian &#8211;<\/span><\/strong><\/span> <a href=\"https:\/\/cagasibirska.sk\/cs\/soutez-o-poukaz-v-hodnote-300-e-na-nakup-produktu-chaga\/\">V\u00edce o sout\u011b\u017ei<\/a><\/h5>\n","protected":false},"featured_media":1834,"comment_status":"open","ping_status":"closed","template":"","meta":[],"product_brand":[],"product_cat":[31],"product_tag":[],"class_list":{"0":"post-1903","1":"product","2":"type-product","3":"status-publish","4":"has-post-thumbnail","6":"product_cat-uncategorized-cs","8":"first","9":"instock","10":"sale","11":"featured","12":"taxable","13":"shipping-taxable","14":"purchasable","15":"product-type-simple"},"_links":{"self":[{"href":"https:\/\/cagasibirska.sk\/cs\/wp-json\/wp\/v2\/product\/1903","targetHints":{"allow":["GET"]}}],"collection":[{"href":"https:\/\/cagasibirska.sk\/cs\/wp-json\/wp\/v2\/product"}],"about":[{"href":"https:\/\/cagasibirska.sk\/cs\/wp-json\/wp\/v2\/types\/product"}],"replies":[{"embeddable":true,"href":"https:\/\/cagasibirska.sk\/cs\/wp-json\/wp\/v2\/comments?post=1903"}],"version-history":[{"count":2,"href":"https:\/\/cagasibirska.sk\/cs\/wp-json\/wp\/v2\/product\/1903\/revisions"}],"predecessor-version":[{"id":4593,"href":"https:\/\/cagasibirska.sk\/cs\/wp-json\/wp\/v2\/product\/1903\/revisions\/4593"}],"wp:featuredmedia":[{"embeddable":true,"href":"https:\/\/cagasibirska.sk\/cs\/wp-json\/wp\/v2\/media\/1834"}],"wp:attachment":[{"href":"https:\/\/cagasibirska.sk\/cs\/wp-json\/wp\/v2\/media?parent=1903"}],"wp:term":[{"taxonomy":"product_brand","embeddable":true,"href":"https:\/\/cagasibirska.sk\/cs\/wp-json\/wp\/v2\/product_brand?post=1903"},{"taxonomy":"product_cat","embeddable":true,"href":"https:\/\/cagasibirska.sk\/cs\/wp-json\/wp\/v2\/product_cat?post=1903"},{"taxonomy":"product_tag","embeddable":true,"href":"https:\/\/cagasibirska.sk\/cs\/wp-json\/wp\/v2\/product_tag?post=1903"}],"curies":[{"name":"wp","href":"https:\/\/api.w.org\/{rel}","templated":true}]}}