{"id":1900,"date":"2025-01-29T15:48:13","date_gmt":"2025-01-29T14:48:13","guid":{"rendered":"https:\/\/cagasibirska.sk\/produkt\/chaga-sibirska-extrakt-30-ml\/"},"modified":"2025-12-06T09:19:56","modified_gmt":"2025-12-06T08:19:56","slug":"chaga-sibirska-extrakt-30-ml","status":"publish","type":"product","link":"https:\/\/cagasibirska.sk\/cs\/produkt\/chaga-sibirska-extrakt-30-ml\/","title":{"rendered":"Chaga sibi\u0159sk\u00e1 extrakt &#8211; 30 ml"},"content":{"rendered":"<div class=\"flex-shrink-0 flex flex-col relative items-end\">\n<div class=\"pt-0\">\n<div class=\"gizmo-bot-avatar flex h-8 w-8 items-center justify-center overflow-hidden rounded-full\">\n<div class=\"relative p-1 rounded-sm flex items-center justify-center bg-token-main-surface-primary text-token-text-primary h-8 w-8\">\n<p style=\"text-align: center\"><img fetchpriority=\"high\" decoding=\"async\" class=\"alignnone wp-image-4716\" src=\"https:\/\/cagasibirska.sk\/wp-content\/uploads\/2025\/03\/caga_vlastnosti-300x75.jpg\" alt=\"vlastnosti cagy\" width=\"720\" height=\"180\" srcset=\"https:\/\/cagasibirska.sk\/wp-content\/uploads\/2025\/03\/caga_vlastnosti-300x75.jpg 300w, https:\/\/cagasibirska.sk\/wp-content\/uploads\/2025\/03\/caga_vlastnosti-1024x256.jpg 1024w, https:\/\/cagasibirska.sk\/wp-content\/uploads\/2025\/03\/caga_vlastnosti-768x192.jpg 768w, https:\/\/cagasibirska.sk\/wp-content\/uploads\/2025\/03\/caga_vlastnosti-1536x384.jpg 1536w, https:\/\/cagasibirska.sk\/wp-content\/uploads\/2025\/03\/caga_vlastnosti-2048x512.jpg 2048w, https:\/\/cagasibirska.sk\/wp-content\/uploads\/2025\/03\/caga_vlastnosti-600x150.jpg 600w, https:\/\/cagasibirska.sk\/wp-content\/uploads\/2025\/03\/caga_vlastnosti-150x38.jpg 150w\" sizes=\"(max-width: 720px) 100vw, 720px\" \/><\/p>\n<p style=\"text-align: center\"><strong style=\"color: #000000\"><span style=\"color: #000000\"><strong>100% extrakt ze sibi\u0159sk\u00e9 \u010dagy ve slune\u010dnicov\u00e9m oleji <\/strong><\/span>je p\u0159\u00edrodn\u00ed extrakt, <\/strong><span style=\"color: #000000\">kter\u00fd obsahuje v\u00edce ne\u017e 200 aktivn\u00edch biologick\u00fdch slou\u010denin, kter\u00e9 maj\u00ed \u0161irokou \u0161k\u00e1lu zdravotn\u00edch \u00fa\u010dink\u016f.<\/span><\/p>\n<p style=\"text-align: center\"><span style=\"color: #000000\">Tento extrakt se z\u00edsk\u00e1v\u00e1 z \u010dagy, kter\u00e1 roste v drsn\u00fdch podm\u00ednk\u00e1ch seversk\u00fdch les\u016f a <strong>je zn\u00e1m\u00e1 sv\u00fdmi v\u00fdznamn\u00fdmi l\u00e9\u010debn\u00fdmi \u00fa\u010dinky.<\/strong><\/span><\/p>\n<p style=\"text-align: center\"><img decoding=\"async\" class=\"alignnone wp-image-4710\" src=\"https:\/\/cagasibirska.sk\/wp-content\/uploads\/2025\/03\/caga_slnecnicovy_olej-300x75.jpg\" alt=\"caga ve slune\u010dnicov\u00e9m oleji\" width=\"819\" height=\"205\" srcset=\"https:\/\/cagasibirska.sk\/wp-content\/uploads\/2025\/03\/caga_slnecnicovy_olej-300x75.jpg 300w, https:\/\/cagasibirska.sk\/wp-content\/uploads\/2025\/03\/caga_slnecnicovy_olej-1024x256.jpg 1024w, https:\/\/cagasibirska.sk\/wp-content\/uploads\/2025\/03\/caga_slnecnicovy_olej-768x192.jpg 768w, https:\/\/cagasibirska.sk\/wp-content\/uploads\/2025\/03\/caga_slnecnicovy_olej-1536x384.jpg 1536w, https:\/\/cagasibirska.sk\/wp-content\/uploads\/2025\/03\/caga_slnecnicovy_olej-2048x512.jpg 2048w, https:\/\/cagasibirska.sk\/wp-content\/uploads\/2025\/03\/caga_slnecnicovy_olej-600x150.jpg 600w, https:\/\/cagasibirska.sk\/wp-content\/uploads\/2025\/03\/caga_slnecnicovy_olej-150x38.jpg 150w\" sizes=\"(max-width: 819px) 100vw, 819px\" \/><\/p>\n<p>&nbsp;<\/p>\n<h1 style=\"text-align: center\">P\u0158ED \u010c\u00cdM V\u00c1S SIBI\u0158SK\u00c1 \u010cAGA CHR\u00c1N\u00cd?<\/h1>\n<p>&nbsp;<\/p>\n<p>&nbsp;<\/p>\n<h1 style=\"padding-left: 40px;text-align: right\"><a href=\"https:\/\/cagasibirska.sk\/cs\/imunita-kdy-ji-potrebujeme-proc-je-dulezita-a-jak-ji-pomaha-chaga-sibirska\/\"><span style=\"color: #000000\"><strong>Podpora imunity<\/strong><\/span><\/a><\/h1>\n<p style=\"padding-left: 40px;text-align: right\"><span style=\"color: #000000\">\u010caga je bohat\u00e1 na <strong>beta-glukany, polysacharidy<\/strong> a dal\u0161\u00ed l\u00e1tky. <a href=\"https:\/\/cagasibirska.sk\/cs\/imunita-kdy-ji-potrebujeme-proc-je-dulezita-a-jak-ji-pomaha-chaga-sibirska\/\"><span style=\"color: #3366ff\">Imunita<\/span><\/a><br \/>\n , kter\u00e9 <strong>stimuluj\u00ed \u010dinnost imunitn\u00edho syst\u00e9mu<\/strong> a zvy\u0161uj\u00ed jeho schopnost bojovat s r\u016fzn\u00fdmi patogeny.<br \/>\nPravideln\u00e1 konzumace extraktu m\u016f\u017ee pomoci t\u011blu l\u00e9pe se br\u00e1nit infekc\u00edm a <strong>podpo\u0159it celkovou obranyschopnost organismu.<\/strong><br \/>\n<img decoding=\"async\" class=\"alignnone wp-image-4662\" src=\"https:\/\/cagasibirska.sk\/wp-content\/uploads\/2025\/03\/caga_na_imunitu-300x75.jpg\" alt=\"sibi\u0159sk\u00e1 imunita\" width=\"908\" height=\"227\" srcset=\"https:\/\/cagasibirska.sk\/wp-content\/uploads\/2025\/03\/caga_na_imunitu-300x75.jpg 300w, https:\/\/cagasibirska.sk\/wp-content\/uploads\/2025\/03\/caga_na_imunitu-1024x256.jpg 1024w, https:\/\/cagasibirska.sk\/wp-content\/uploads\/2025\/03\/caga_na_imunitu-768x192.jpg 768w, https:\/\/cagasibirska.sk\/wp-content\/uploads\/2025\/03\/caga_na_imunitu-1536x384.jpg 1536w, https:\/\/cagasibirska.sk\/wp-content\/uploads\/2025\/03\/caga_na_imunitu-600x150.jpg 600w, https:\/\/cagasibirska.sk\/wp-content\/uploads\/2025\/03\/caga_na_imunitu-150x38.jpg 150w, https:\/\/cagasibirska.sk\/wp-content\/uploads\/2025\/03\/caga_na_imunitu.jpg 1584w\" sizes=\"(max-width: 908px) 100vw, 908px\" \/><br \/>\n<\/span><\/p>\n<p>&nbsp;<\/p>\n<p>&nbsp;<\/p>\n<h1><span style=\"color: #000000\"><strong>Tr\u00e1vic\u00ed syst\u00e9m<\/strong><\/span><\/h1>\n<p><span style=\"color: #000000\">Tento extrakt <strong>p\u0159isp\u00edv\u00e1 ke zdrav\u00e9 funkci<\/strong> tr\u00e1vic\u00edho syst\u00e9mu.<br \/>\nM\u016f\u017ee pomoci <strong>zm\u00edrnit za\u017e\u00edvac\u00ed pot\u00ed\u017ee,<\/strong> podpo\u0159it zdravou st\u0159evn\u00ed fl\u00f3ru a p\u0159isp\u011bt k lep\u0161\u00edmu vst\u0159eb\u00e1v\u00e1n\u00ed \u017eivin.<br \/>\nJe zn\u00e1m\u00fd pro sv\u00e9 protiz\u00e1n\u011btliv\u00e9 a <strong>detoxika\u010dn\u00ed vlastnosti,<\/strong> kter\u00e9 pom\u00e1haj\u00ed p\u0159i za\u017e\u00edvac\u00edch pot\u00ed\u017e\u00edch a <strong>podporuj\u00ed<\/strong><br \/>\n<strong>celkovou pohodu<\/strong> tr\u00e1vic\u00edho traktu.<br \/>\n<img loading=\"lazy\" decoding=\"async\" class=\"alignnone wp-image-4666\" src=\"https:\/\/cagasibirska.sk\/wp-content\/uploads\/2025\/03\/caga_traviaci_system-300x75.jpg\" alt=\"tr\u00e1vic\u00ed syst\u00e9m caga\" width=\"908\" height=\"227\" srcset=\"https:\/\/cagasibirska.sk\/wp-content\/uploads\/2025\/03\/caga_traviaci_system-300x75.jpg 300w, https:\/\/cagasibirska.sk\/wp-content\/uploads\/2025\/03\/caga_traviaci_system-1024x256.jpg 1024w, https:\/\/cagasibirska.sk\/wp-content\/uploads\/2025\/03\/caga_traviaci_system-768x192.jpg 768w, https:\/\/cagasibirska.sk\/wp-content\/uploads\/2025\/03\/caga_traviaci_system-1536x384.jpg 1536w, https:\/\/cagasibirska.sk\/wp-content\/uploads\/2025\/03\/caga_traviaci_system-600x150.jpg 600w, https:\/\/cagasibirska.sk\/wp-content\/uploads\/2025\/03\/caga_traviaci_system-150x38.jpg 150w, https:\/\/cagasibirska.sk\/wp-content\/uploads\/2025\/03\/caga_traviaci_system.jpg 1584w\" sizes=\"(max-width: 908px) 100vw, 908px\" \/><br \/>\n<\/span><\/p>\n<p>&nbsp;<\/p>\n<p>&nbsp;<\/p>\n<h1 style=\"text-align: right\"><span style=\"color: #000000\"><strong>Ko\u017en\u00ed onemocn\u011bn\u00ed<\/strong><\/span><\/h1>\n<p style=\"text-align: right\"><span style=\"color: #000000\">D\u00edky sv\u00fdm protiz\u00e1n\u011btliv\u00fdm a antioxida\u010dn\u00edm vlastnostem je \u010daga <strong>\u00fa\u010dinn\u00e1 p\u0159i l\u00e9\u010db\u011b r\u016fzn\u00fdch ko\u017en\u00edch onemocn\u011bn\u00ed,<\/strong><br \/>\njako jsou <strong>ekz\u00e9my, lup\u00e9nka <\/strong>nebo <strong>akn\u00e9<\/strong>.<strong> Pom\u00e1h\u00e1 zm\u00edr\u0148ovat<\/strong> z\u00e1n\u011bty, sv\u011bd\u011bn\u00ed a podr\u00e1\u017ed\u011bn\u00ed k\u016f\u017ee a z\u00e1rove\u0148 <strong>podporuje regeneraci poko\u017eky<\/strong> a <strong>jej\u00ed<\/strong> zdrav\u00fd vzhled.<br \/>\n<img loading=\"lazy\" decoding=\"async\" class=\"alignnone wp-image-4669\" src=\"https:\/\/cagasibirska.sk\/wp-content\/uploads\/2025\/03\/caga_kozne_choroby-300x75.jpg\" alt=\"nemoci koz caga\" width=\"908\" height=\"227\" srcset=\"https:\/\/cagasibirska.sk\/wp-content\/uploads\/2025\/03\/caga_kozne_choroby-300x75.jpg 300w, https:\/\/cagasibirska.sk\/wp-content\/uploads\/2025\/03\/caga_kozne_choroby-1024x256.jpg 1024w, https:\/\/cagasibirska.sk\/wp-content\/uploads\/2025\/03\/caga_kozne_choroby-768x192.jpg 768w, https:\/\/cagasibirska.sk\/wp-content\/uploads\/2025\/03\/caga_kozne_choroby-1536x384.jpg 1536w, https:\/\/cagasibirska.sk\/wp-content\/uploads\/2025\/03\/caga_kozne_choroby-600x150.jpg 600w, https:\/\/cagasibirska.sk\/wp-content\/uploads\/2025\/03\/caga_kozne_choroby-150x38.jpg 150w, https:\/\/cagasibirska.sk\/wp-content\/uploads\/2025\/03\/caga_kozne_choroby.jpg 1584w\" sizes=\"(max-width: 908px) 100vw, 908px\" \/><br \/>\n<\/span><\/p>\n<p>&nbsp;<\/p>\n<p>&nbsp;<\/p>\n<h1><span style=\"color: #000000\"><strong>Diabetes a tlak<\/strong><\/span><\/h1>\n<p><span style=\"color: #000000\">Na\u0161e \u010daga m\u00e1 potenci\u00e1l <strong>pom\u00e1hat regulovat hladinu cukru v krvi,<\/strong><br \/>\nco\u017e je d\u016fle\u017eit\u00e9 zejm\u00e9na pro lidi s cukrovkou. Jej\u00ed slo\u017eky mohou p\u0159isp\u00edvat ke zlep\u0161en\u00ed metabolismu cukr\u016f, a t\u00edm <strong>podporovat<\/strong><br \/>\n<strong>stabiln\u00ed hladiny gluk\u00f3zy v krvi.<\/strong> Krom\u011b toho m\u00e1 \u010daga <strong>pozitivn\u00ed vliv na regulaci krevn\u00edho tlaku,<\/strong> \u010d\u00edm\u017e pom\u00e1h\u00e1<br \/>\nhypertenzi a udr\u017euje kardiovaskul\u00e1rn\u00ed syst\u00e9m v optim\u00e1ln\u00edm stavu.<br \/>\n<img loading=\"lazy\" decoding=\"async\" class=\"alignnone wp-image-4673\" src=\"https:\/\/cagasibirska.sk\/wp-content\/uploads\/2025\/03\/caga_cukrovka-300x75.jpg\" alt=\"\" width=\"908\" height=\"227\" srcset=\"https:\/\/cagasibirska.sk\/wp-content\/uploads\/2025\/03\/caga_cukrovka-300x75.jpg 300w, https:\/\/cagasibirska.sk\/wp-content\/uploads\/2025\/03\/caga_cukrovka-1024x256.jpg 1024w, https:\/\/cagasibirska.sk\/wp-content\/uploads\/2025\/03\/caga_cukrovka-768x192.jpg 768w, https:\/\/cagasibirska.sk\/wp-content\/uploads\/2025\/03\/caga_cukrovka-1536x384.jpg 1536w, https:\/\/cagasibirska.sk\/wp-content\/uploads\/2025\/03\/caga_cukrovka-600x150.jpg 600w, https:\/\/cagasibirska.sk\/wp-content\/uploads\/2025\/03\/caga_cukrovka-150x38.jpg 150w, https:\/\/cagasibirska.sk\/wp-content\/uploads\/2025\/03\/caga_cukrovka.jpg 1584w\" sizes=\"(max-width: 908px) 100vw, 908px\" \/><br \/>\n<\/span><\/p>\n<p>&nbsp;<\/p>\n<h1 style=\"text-align: right\"><a href=\"https:\/\/cagasibirska.sk\/cs\/muze-lesni-houba-pomoci-v-boji-proti-rakovine-vedci-zkoumaji-slibne-latky-ze-sibirske-cagy\/\"><span style=\"color: #000000\"><strong>Prevence proti rakovin\u011b<\/strong><\/span><\/a><\/h1>\n<p style=\"text-align: right\"><span style=\"color: #000000\">Antioxidanty obsa\u017een\u00e9 v extraktu z \u010dagy mohou p\u016fsobit jako <strong>ochrana proti oxida\u010dn\u00edmu stresu a po\u0161kozen\u00ed bun\u011bk<\/strong>,<br \/>\nkter\u00e9 je \u010dasto spojov\u00e1no se vznikem <strong><span style=\"color: #3366ff\"><a style=\"color: #3366ff\" href=\"https:\/\/cagasibirska.sk\/cs\/muze-lesni-houba-pomoci-v-boji-proti-rakovine-vedci-zkoumaji-slibne-latky-ze-sibirske-cagy\/\">rakoviny<\/a><\/span>.<\/strong> Tyto slo\u017eky <strong>pom\u00e1haj\u00ed<\/strong> neutralizovat \u0161kodliv\u00e9 voln\u00e9 radik\u00e1ly a podporuj\u00ed<br \/>\ncelkovou <strong>ochranu organismu<\/strong> p\u0159ed mo\u017en\u00fdmi rakovinotvorn\u00fdmi procesy.<br \/>\n<\/span><\/p>\n<p style=\"text-align: right\"><span style=\"color: #000000\"><img loading=\"lazy\" decoding=\"async\" class=\"alignnone wp-image-4675\" src=\"https:\/\/cagasibirska.sk\/wp-content\/uploads\/2025\/03\/caga_rakovina-300x75.jpg\" alt=\"\" width=\"908\" height=\"227\" srcset=\"https:\/\/cagasibirska.sk\/wp-content\/uploads\/2025\/03\/caga_rakovina-300x75.jpg 300w, https:\/\/cagasibirska.sk\/wp-content\/uploads\/2025\/03\/caga_rakovina-1024x256.jpg 1024w, https:\/\/cagasibirska.sk\/wp-content\/uploads\/2025\/03\/caga_rakovina-768x192.jpg 768w, https:\/\/cagasibirska.sk\/wp-content\/uploads\/2025\/03\/caga_rakovina-1536x384.jpg 1536w, https:\/\/cagasibirska.sk\/wp-content\/uploads\/2025\/03\/caga_rakovina-600x150.jpg 600w, https:\/\/cagasibirska.sk\/wp-content\/uploads\/2025\/03\/caga_rakovina-150x38.jpg 150w, https:\/\/cagasibirska.sk\/wp-content\/uploads\/2025\/03\/caga_rakovina.jpg 1584w\" sizes=\"(max-width: 908px) 100vw, 908px\" \/><br \/>\n<\/span><\/p>\n<p>&nbsp;<\/p>\n<p>&nbsp;<\/p>\n<hr>\n<p>&nbsp;<\/p>\n<p style=\"text-align: center\"><img loading=\"lazy\" decoding=\"async\" class=\"alignnone wp-image-4704\" src=\"https:\/\/cagasibirska.sk\/wp-content\/uploads\/2025\/03\/caga_kvalita-1-300x75.jpg\" alt=\"kvalita caga\" width=\"1080\" height=\"270\" srcset=\"https:\/\/cagasibirska.sk\/wp-content\/uploads\/2025\/03\/caga_kvalita-1-300x75.jpg 300w, https:\/\/cagasibirska.sk\/wp-content\/uploads\/2025\/03\/caga_kvalita-1-1024x256.jpg 1024w, https:\/\/cagasibirska.sk\/wp-content\/uploads\/2025\/03\/caga_kvalita-1-768x192.jpg 768w, https:\/\/cagasibirska.sk\/wp-content\/uploads\/2025\/03\/caga_kvalita-1-1536x384.jpg 1536w, https:\/\/cagasibirska.sk\/wp-content\/uploads\/2025\/03\/caga_kvalita-1-2048x512.jpg 2048w, https:\/\/cagasibirska.sk\/wp-content\/uploads\/2025\/03\/caga_kvalita-1-600x150.jpg 600w, https:\/\/cagasibirska.sk\/wp-content\/uploads\/2025\/03\/caga_kvalita-1-150x38.jpg 150w\" sizes=\"(max-width: 1080px) 100vw, 1080px\" \/><\/p>\n<h5 style=\"text-align: center\"><span style=\"color: #000000\">Tento p\u0159\u00edrodn\u00ed extrakt z \u010dagy sm\u00edchan\u00fd se slune\u010dnicov\u00fdm olejem je vhodn\u00fd ke ka\u017edodenn\u00edmu u\u017e\u00edv\u00e1n\u00ed jako dopln\u011bk stravy, kter\u00fd podporuje zdrav\u00ed a pohodu na mnoha \u00farovn\u00edch. <strong>Je d\u016fle\u017eit\u00e9 dodr\u017eovat doporu\u010den\u00e9 d\u00e1vkov\u00e1n\u00ed <\/strong>a konzultovat jeho u\u017e\u00edv\u00e1n\u00ed s odborn\u00edkem, zejm\u00e9na pokud m\u00e1te specifick\u00e9 zdravotn\u00ed probl\u00e9my nebo u\u017e\u00edv\u00e1te jin\u00e9 l\u00e9ky.<\/span><\/h5>\n<hr>\n<p><span style=\"color: #000000\"><strong>Doporu\u010den\u00e9 d\u00e1vkov\u00e1n\u00ed:  <\/strong><\/span><\/p>\n<ul>\n<li><span style=\"color: #000000\">Na <strong>imunitu<\/strong> (k\u00fara trv\u00e1 asi 10 t\u00fddn\u016f, prov\u00e1d\u00ed se 1-2x ro\u010dn\u011b), p\u0159i probl\u00e9mech tr\u00e1vic\u00edho syst\u00e9mu, ko\u017en\u00edch onemocn\u011bn\u00edch, tuto k\u00faru (d\u00e1vkov\u00e1n\u00ed) lze opakovat n\u011bkolikr\u00e1t ro\u010dn\u011b:3 dny &#8211; <strong>2 a\u017e 3 kapky<\/strong>.<\/span><br \/>\n<span style=\"color: #000000\">5 dn\u00ed &#8211; <strong>5 kapek<\/strong><\/span><br \/>\n<span style=\"color: #000000\">5 dn\u00ed &#8211; <strong>10 kapek<\/strong><\/span><br \/>\n<span style=\"color: #000000\">10 dn\u00ed &#8211; <strong>15 kapek<\/strong><\/span><br \/>\n<span style=\"color: #000000\">5 dn\u00ed &#8211; <strong>10 kapek<\/strong><\/span><br \/>\n<span style=\"color: #000000\">5 dn\u00ed &#8211; <strong>5 kapek<br \/>\n<\/strong><\/span><br \/>\n<span style=\"color: #000000\">Pot\u00e9 n\u00e1sleduje dvout\u00fddenn\u00ed p\u0159est\u00e1vka a l\u00e9\u010dbu lze opakovat.<\/span><\/li>\n<li><span style=\"color: #000000\">P\u0159i <strong>ko\u017en\u00edch onemocn\u011bn\u00edch<\/strong> lze z\u0159ed\u011bn\u00fd extrakt aplikovat p\u0159\u00edmo na posti\u017een\u00e9 m\u00edsto (v pom\u011bru 0,25 ml tepl\u00e9 vody: 10 a\u017e 15 kapek extraktu) po dobu 15-20 minut a pot\u00e9 opl\u00e1chnout vodou.<\/span><\/li>\n<li><span style=\"color: #000000\">P\u0159i <strong>cukrovce<\/strong>:3 dny &#8211; <strong>2 a\u017e 3 kapky<\/strong><\/span><br \/>\n<span style=\"color: #000000\">5 dn\u00ed &#8211; <strong>5 kapek<\/strong><\/span><br \/>\n<span style=\"color: #000000\">5 dn\u00ed &#8211; <strong>10 kapek<br \/>\n<\/strong><strong><br \/>\n<\/strong>Po zv\u00fd\u0161en\u00ed na 15 kapek z\u016fst\u00e1v\u00e1 d\u00e1vka na tomto mno\u017estv\u00ed po del\u0161\u00ed dobu<\/span><\/li>\n<li><span style=\"color: #000000\">U onkologick\u00fdch onemocn\u011bn\u00ed: D\u00e1vkov\u00e1n\u00ed se zahajuje stejn\u011b jako u diabetu, ka\u017ed\u00fdch 5 dn\u00ed se d\u00e1vka zvy\u0161uje o <strong>5 kapek<\/strong>, dokud se nedos\u00e1hne maxim\u00e1ln\u00ed denn\u00ed d\u00e1vky<strong> 35 a\u017e 45 kapek<\/strong> (maxim\u00e1ln\u00ed denn\u00ed d\u00e1vku m\u016f\u017eete rozd\u011blit a u\u017e\u00edvat ji dvakr\u00e1t denn\u011b, r\u00e1no a odpoledne, Doporu\u010duje se u\u017e\u00edvat extrakt sibi\u0159sk\u00e9 \u010dagy r\u00e1no na la\u010dn\u00fd \u017ealudek asi 45 minut p\u0159ed j\u00eddlem a zap\u00edt ho vla\u017en\u00fdm ml\u00e9kem <strong>(kter\u00e9 neutralizuje specifickou chu\u0165 a v\u016fni \u010dagy<\/strong>), nebo vla\u017enou vodou, \u010dajem, d\u017eusem.<\/span><br \/>\n<hr>\n<\/li>\n<\/ul>\n<\/div>\n<\/div>\n<\/div>\n<\/div>\n","protected":false},"excerpt":{"rendered":"<p><span style=\"color: #000000\"><strong>100% extrakt ze sibi\u0159sk\u00e9 \u010dagy ve slune\u010dnicov\u00e9m oleji, p\u0159\u00edrodn\u00ed extrakt, kter\u00fd<\/strong> obsahuje v\u00edce ne\u017e 200 \u00fa\u010dinn\u00fdch biologick\u00fdch l\u00e1tek. Extrakt je vhodn\u00fd na podporu imunity, p\u0159i probl\u00e9mech s tr\u00e1vic\u00edm syst\u00e9mem, ko\u017en\u00edch onemocn\u011bn\u00edch, pom\u00e1h\u00e1 p\u0159i cukrovce, tlaku a p\u016fsob\u00ed jako prevence rakoviny. <\/span><\/p>\n<hr>\n<p>&nbsp;<\/p>\n","protected":false},"featured_media":4772,"comment_status":"open","ping_status":"closed","template":"","meta":[],"product_brand":[],"product_cat":[31],"product_tag":[],"class_list":{"0":"post-1900","1":"product","2":"type-product","3":"status-publish","4":"has-post-thumbnail","6":"product_cat-uncategorized-cs","8":"first","9":"instock","10":"sale","11":"featured","12":"taxable","13":"shipping-taxable","14":"purchasable","15":"product-type-simple"},"_links":{"self":[{"href":"https:\/\/cagasibirska.sk\/cs\/wp-json\/wp\/v2\/product\/1900","targetHints":{"allow":["GET"]}}],"collection":[{"href":"https:\/\/cagasibirska.sk\/cs\/wp-json\/wp\/v2\/product"}],"about":[{"href":"https:\/\/cagasibirska.sk\/cs\/wp-json\/wp\/v2\/types\/product"}],"replies":[{"embeddable":true,"href":"https:\/\/cagasibirska.sk\/cs\/wp-json\/wp\/v2\/comments?post=1900"}],"version-history":[{"count":6,"href":"https:\/\/cagasibirska.sk\/cs\/wp-json\/wp\/v2\/product\/1900\/revisions"}],"predecessor-version":[{"id":4942,"href":"https:\/\/cagasibirska.sk\/cs\/wp-json\/wp\/v2\/product\/1900\/revisions\/4942"}],"wp:featuredmedia":[{"embeddable":true,"href":"https:\/\/cagasibirska.sk\/cs\/wp-json\/wp\/v2\/media\/4772"}],"wp:attachment":[{"href":"https:\/\/cagasibirska.sk\/cs\/wp-json\/wp\/v2\/media?parent=1900"}],"wp:term":[{"taxonomy":"product_brand","embeddable":true,"href":"https:\/\/cagasibirska.sk\/cs\/wp-json\/wp\/v2\/product_brand?post=1900"},{"taxonomy":"product_cat","embeddable":true,"href":"https:\/\/cagasibirska.sk\/cs\/wp-json\/wp\/v2\/product_cat?post=1900"},{"taxonomy":"product_tag","embeddable":true,"href":"https:\/\/cagasibirska.sk\/cs\/wp-json\/wp\/v2\/product_tag?post=1900"}],"curies":[{"name":"wp","href":"https:\/\/api.w.org\/{rel}","templated":true}]}}