{"id":1896,"date":"2025-01-29T17:27:51","date_gmt":"2025-01-29T16:27:51","guid":{"rendered":"https:\/\/cagasibirska.sk\/produkt\/vyhodna-sada-3x-chaga-sibirska-zelatina-500-ks\/"},"modified":"2025-11-20T23:56:47","modified_gmt":"2025-11-20T22:56:47","slug":"vyhodna-sada-3x-chaga-sibirska-zelatina-500-ks","status":"publish","type":"product","link":"https:\/\/cagasibirska.sk\/cs\/produkt\/vyhodna-sada-3x-chaga-sibirska-zelatina-500-ks\/","title":{"rendered":"V\u00fdhodn\u00e1 sada 3x Chaga sibi\u0159sk\u00e1 \u017eelatina &#8211; 500 ks"},"content":{"rendered":"<div class=\"flex-shrink-0 flex flex-col relative items-end\">\n<div class=\"pt-0\">\n<div class=\"gizmo-bot-avatar flex h-8 w-8 items-center justify-center overflow-hidden rounded-full\">\n<div class=\"relative p-1 rounded-sm flex items-center justify-center bg-token-main-surface-primary text-token-text-primary h-8 w-8\">\n<div class=\"flex-shrink-0 flex flex-col relative items-end\">\n<div class=\"pt-0\">\n<div class=\"gizmo-bot-avatar flex h-8 w-8 items-center justify-center overflow-hidden rounded-full\">\n<div class=\"relative p-1 rounded-sm flex items-center justify-center bg-token-main-surface-primary text-token-text-primary h-8 w-8\">\n<p><span style=\"color: #000000\"><strong>100% extrakt sibi\u0159sk\u00e9 \u010dagy v m\u011bkk\u00fdch \u017eelatinov\u00fdch kapsl\u00edch <\/strong>je p\u0159\u00edrodn\u00ed dopln\u011bk stravy s mimo\u0159\u00e1dn\u00fdmi zdravotn\u00edmi \u00fa\u010dinky. Sibi\u0159sk\u00e1 \u010daga, kter\u00e1 roste v extr\u00e9mn\u00edch podm\u00ednk\u00e1ch seversk\u00fdch les\u016f, <strong>obsahuje vysok\u00e9 mno\u017estv\u00ed bioaktivn\u00edch l\u00e1tek,<\/strong> v\u010detn\u011b antioxidant\u016f, polysacharid\u016f, beta-glukan\u016f a sterol\u016f, kter\u00e9 jsou kl\u00ed\u010dov\u00e9 pro pos\u00edlen\u00ed imunitn\u00edho syst\u00e9mu. <strong>Tento extrakt pom\u00e1h\u00e1 t\u011blu bojovat s r\u016fzn\u00fdmi infek\u010dn\u00edmi onemocn\u011bn\u00edmi<\/strong> zp\u016fsoben\u00fdmi viry, bakteriemi, pl\u00edsn\u011bmi a parazity, \u010d\u00edm\u017e zvy\u0161uje p\u0159irozenou obranyschopnost organismu. <\/span><\/p>\n<p><span style=\"color: #000000\">\u010caga tak\u00e9 p\u0159isp\u00edv\u00e1 k udr\u017een\u00ed optim\u00e1ln\u00ed hladiny cukru v krvi, co\u017e je d\u016fle\u017eit\u00e9 zejm\u00e9na pro osoby trp\u00edc\u00ed cukrovkou nebo pro osoby, kter\u00e9 pat\u0159\u00ed do rizikov\u00e9 skupiny. Z\u00e1rove\u0148 m\u00e1 pozitivn\u00ed vliv na regulaci krevn\u00edho tlaku, \u010d\u00edm\u017e pom\u00e1h\u00e1 p\u0159i hypertenzi nebo naopak n\u00edzk\u00e9m tlaku. D\u00edky sv\u00e9mu slo\u017een\u00ed podporuje zdrav\u00e9 tr\u00e1ven\u00ed, zm\u00edr\u0148uje za\u017e\u00edvac\u00ed pot\u00ed\u017ee a napom\u00e1h\u00e1 lep\u0161\u00edmu vst\u0159eb\u00e1v\u00e1n\u00ed \u017eivin z potravy.  <\/span><\/p>\n<p><span style=\"color: #000000\"><strong>Tento dopln\u011bk stravy je ide\u00e1ln\u00ed volbou pro ty, kte\u0159\u00ed hledaj\u00ed zp\u016fsob, jak pos\u00edlit svou imunitu, <\/strong>udr\u017eet t\u011blo v rovnov\u00e1ze a chr\u00e1nit se p\u0159ed celou \u0159adou zdravotn\u00edch probl\u00e9m\u016f. Je vhodn\u00fd pro dlouhodob\u00e9 u\u017e\u00edv\u00e1n\u00ed jako prevence proti nemocem a m\u016f\u017ee slou\u017eit i jako podp\u016frn\u00e1 l\u00e9\u010dba ji\u017e existuj\u00edc\u00edch zdravotn\u00edch komplikac\u00ed. <\/span><\/p>\n<\/div>\n<\/div>\n<\/div>\n<\/div>\n<\/div>\n<\/div>\n<\/div>\n<\/div>\n","protected":false},"excerpt":{"rendered":"<p><span style=\"color: #000000\">Vyu\u017eijte <strong>v\u00fdhodnou sadu t\u0159\u00ed balen\u00ed<\/strong> sibi\u0159sk\u00e9 \u010dagy v \u017eelatinov\u00fdch kapsl\u00edch na podporu imunity a zdrav\u00ed za zv\u00fdhodn\u011bnou cenu! Sibi\u0159sk\u00e1 \u010daga <strong>je zn\u00e1m\u00e1 sv\u00fdmi p\u0159\u00edzniv\u00fdmi \u00fa\u010dinky<\/strong> na imunitn\u00ed syst\u00e9m, tr\u00e1ven\u00ed a celkov\u00e9 pos\u00edlen\u00ed organismu. <\/span><\/p>\n<hr>\n<h5><span style=\"color: #ff0000\"><strong>Doporu\u010dujeme: <span style=\"color: #000000\">zakoupen\u00edm tohoto produktu se automaticky zapoj\u00edte do sout\u011b\u017ee o poukaz v hodnot\u011b 300 \u20ac na produkty Chaga Siberian &#8211;<\/span><\/strong><\/span> <a href=\"https:\/\/cagasibirska.sk\/cs\/soutez-o-poukaz-v-hodnote-300-e-na-nakup-produktu-chaga\/\">V\u00edce o sout\u011b\u017ei<\/a><\/h5>\n","protected":false},"featured_media":1833,"comment_status":"open","ping_status":"closed","template":"","meta":[],"product_brand":[],"product_cat":[31],"product_tag":[],"class_list":{"0":"post-1896","1":"product","2":"type-product","3":"status-publish","4":"has-post-thumbnail","6":"product_cat-uncategorized-cs","8":"first","9":"instock","10":"sale","11":"featured","12":"taxable","13":"shipping-taxable","14":"purchasable","15":"product-type-simple"},"_links":{"self":[{"href":"https:\/\/cagasibirska.sk\/cs\/wp-json\/wp\/v2\/product\/1896","targetHints":{"allow":["GET"]}}],"collection":[{"href":"https:\/\/cagasibirska.sk\/cs\/wp-json\/wp\/v2\/product"}],"about":[{"href":"https:\/\/cagasibirska.sk\/cs\/wp-json\/wp\/v2\/types\/product"}],"replies":[{"embeddable":true,"href":"https:\/\/cagasibirska.sk\/cs\/wp-json\/wp\/v2\/comments?post=1896"}],"version-history":[{"count":1,"href":"https:\/\/cagasibirska.sk\/cs\/wp-json\/wp\/v2\/product\/1896\/revisions"}],"predecessor-version":[{"id":4591,"href":"https:\/\/cagasibirska.sk\/cs\/wp-json\/wp\/v2\/product\/1896\/revisions\/4591"}],"wp:featuredmedia":[{"embeddable":true,"href":"https:\/\/cagasibirska.sk\/cs\/wp-json\/wp\/v2\/media\/1833"}],"wp:attachment":[{"href":"https:\/\/cagasibirska.sk\/cs\/wp-json\/wp\/v2\/media?parent=1896"}],"wp:term":[{"taxonomy":"product_brand","embeddable":true,"href":"https:\/\/cagasibirska.sk\/cs\/wp-json\/wp\/v2\/product_brand?post=1896"},{"taxonomy":"product_cat","embeddable":true,"href":"https:\/\/cagasibirska.sk\/cs\/wp-json\/wp\/v2\/product_cat?post=1896"},{"taxonomy":"product_tag","embeddable":true,"href":"https:\/\/cagasibirska.sk\/cs\/wp-json\/wp\/v2\/product_tag?post=1896"}],"curies":[{"name":"wp","href":"https:\/\/api.w.org\/{rel}","templated":true}]}}